{"id":94417,"date":"2022-10-19T16:45:09","date_gmt":"2022-10-19T11:15:09","guid":{"rendered":"https:\/\/axis-india.com\/es\/?post_type=product&#038;p=94417"},"modified":"2023-07-28T15:18:58","modified_gmt":"2023-07-28T09:48:58","slug":"grampa-de-alta-tension","status":"publish","type":"product","link":"https:\/\/axis-india.com\/es\/product\/grampa-de-alta-tension\/","title":{"rendered":"Grampas de Alta Tensi\u00f3n"},"content":{"rendered":"<p>Las Grampas de Alta Tensi\u00f3n de Axis para el Sistema de Mensajero Neutral No Aislado (ACB &#8211; HT) se utilizan para anclar el mensajero neutral no aislado de secciones transversales de 50-150 mm2. Hecho para ser espec\u00edfico para el pa\u00eds, la regi\u00f3n y el cliente, este producto est\u00e1 disponible en un tipo atornillado. Este producto se usa junto con varios ganchos.<\/p>\n<div class=\"row\">\n<div class=\"col-6\">\n<h4>Materiales (Tipo Atornillado):<\/h4>\n<ul>\n<li>Cuerpo: Aleaci\u00f3n de aluminio de alta resistencia<\/li>\n<li>U Tornillos y Tuercas: Acero galvanizado<\/li>\n<\/ul>\n<\/div>\n<div class=\"col-6\">\n<h4>Caracter\u00edsticas y Beneficios:<\/h4>\n<ul>\n<li>No tiene partes perdibles y es resistente a la corrosi\u00f3n<\/li>\n<li>El producto est\u00e1 dise\u00f1ado para tomar una gama de tama\u00f1os de cables de mensajero y puede soportar la carga del tama\u00f1o de cable que se acomoda.<\/li>\n<\/ul>\n<\/div>\n<\/div>\n","protected":false},"excerpt":{"rendered":"<p>Las Grampas de Alta Tensi\u00f3n de Axis para el Sistema de Mensajero Neutral No Aislado (ACB &#8211; HT) se utilizan para anclar el mensajero neutral no aislado de secciones transversales de 50-150 mm2. Hecho para ser espec\u00edfico para el pa\u00eds, la regi\u00f3n y el cliente, este producto est\u00e1 disponible en un tipo atornillado. Este producto se usa junto con varios ganchos. Materiales (Tipo Atornillado): Cuerpo: Aleaci\u00f3n de aluminio de alta resistencia U Tornillos y Tuercas: Acero galvanizado Caracter\u00edsticas y Beneficios: No tiene partes perdibles y es resistente a la corrosi\u00f3n El producto est\u00e1 dise\u00f1ado para tomar una gama de tama\u00f1os de cables de mensajero y puede soportar la carga del tama\u00f1o de cable que se acomoda.<\/p>\n","protected":false},"featured_media":50393,"comment_status":"closed","ping_status":"closed","template":"","meta":{"inline_featured_image":false},"product_brand":[],"product_cat":[455,456],"product_tag":[1289,2169,1304,1305],"class_list":{"0":"post-94417","1":"product","2":"type-product","3":"status-publish","4":"has-post-thumbnail","6":"product_cat-ab-cable-accessories","7":"product_cat-accesorios-cables-aluminio","8":"product_tag-ab-cable","9":"product_tag-grampa-de-alta-tension","10":"product_tag-high-tension-clamp","11":"product_tag-uninsulated-neutral-messenger-system","13":"first","14":"instock","15":"shipping-taxable","16":"purchasable","17":"product-type-variable"},"acf":[],"_links":{"self":[{"href":"https:\/\/axis-india.com\/es\/wp-json\/wp\/v2\/product\/94417","targetHints":{"allow":["GET"]}}],"collection":[{"href":"https:\/\/axis-india.com\/es\/wp-json\/wp\/v2\/product"}],"about":[{"href":"https:\/\/axis-india.com\/es\/wp-json\/wp\/v2\/types\/product"}],"replies":[{"embeddable":true,"href":"https:\/\/axis-india.com\/es\/wp-json\/wp\/v2\/comments?post=94417"}],"wp:featuredmedia":[{"embeddable":true,"href":"https:\/\/axis-india.com\/es\/wp-json\/wp\/v2\/media\/50393"}],"wp:attachment":[{"href":"https:\/\/axis-india.com\/es\/wp-json\/wp\/v2\/media?parent=94417"}],"wp:term":[{"taxonomy":"product_brand","embeddable":true,"href":"https:\/\/axis-india.com\/es\/wp-json\/wp\/v2\/product_brand?post=94417"},{"taxonomy":"product_cat","embeddable":true,"href":"https:\/\/axis-india.com\/es\/wp-json\/wp\/v2\/product_cat?post=94417"},{"taxonomy":"product_tag","embeddable":true,"href":"https:\/\/axis-india.com\/es\/wp-json\/wp\/v2\/product_tag?post=94417"}],"curies":[{"name":"wp","href":"https:\/\/api.w.org\/{rel}","templated":true}]}}