{"id":93000,"date":"2022-10-17T16:57:58","date_gmt":"2022-10-17T11:27:58","guid":{"rendered":"https:\/\/axis-india.com\/es\/?post_type=product&#038;p=93000"},"modified":"2023-07-28T17:48:08","modified_gmt":"2023-07-28T12:18:08","slug":"multi-function-phase-separator","status":"publish","type":"product","link":"https:\/\/axis-india.com\/es\/product\/multi-function-phase-separator\/","title":{"rendered":"Separador de Fases Multifunci\u00f3n"},"content":{"rendered":"<h4>Materiales:<\/h4>\n<ul>\n<li>Termopl\u00e1stico de ingenier\u00eda resistente a los rayos UV.<\/li>\n<\/ul>\n<div class=\"col-6\">\n<h4>Caracter\u00edsticas y Beneficios:<\/h4>\n<ul>\n<li>M\u00faltiples opciones para separar las fases de cables AB, lo que tambi\u00e9n permite trabajar con l\u00edneas en vivo.<\/li>\n<li>Tama\u00f1os de hex\u00e1gono incorporados permiten utilizar la misma herramienta como llave.<\/li>\n<\/ul>\n<\/div>\n","protected":false},"excerpt":{"rendered":"<p>Materiales: Termopl\u00e1stico de ingenier\u00eda resistente a los rayos UV. Caracter\u00edsticas y Beneficios: M\u00faltiples opciones para separar las fases de cables AB, lo que tambi\u00e9n permite trabajar con l\u00edneas en vivo. Tama\u00f1os de hex\u00e1gono incorporados permiten utilizar la misma herramienta como llave.<\/p>\n","protected":false},"featured_media":93001,"comment_status":"closed","ping_status":"closed","template":"","meta":{"inline_featured_image":false},"product_brand":[],"product_cat":[715],"product_tag":[],"class_list":{"0":"post-93000","1":"product","2":"type-product","3":"status-publish","4":"has-post-thumbnail","6":"product_cat-hardware-y-herramientas-de-soporte","8":"first","9":"outofstock","10":"shipping-taxable","11":"purchasable","12":"product-type-simple"},"acf":[],"_links":{"self":[{"href":"https:\/\/axis-india.com\/es\/wp-json\/wp\/v2\/product\/93000","targetHints":{"allow":["GET"]}}],"collection":[{"href":"https:\/\/axis-india.com\/es\/wp-json\/wp\/v2\/product"}],"about":[{"href":"https:\/\/axis-india.com\/es\/wp-json\/wp\/v2\/types\/product"}],"replies":[{"embeddable":true,"href":"https:\/\/axis-india.com\/es\/wp-json\/wp\/v2\/comments?post=93000"}],"wp:featuredmedia":[{"embeddable":true,"href":"https:\/\/axis-india.com\/es\/wp-json\/wp\/v2\/media\/93001"}],"wp:attachment":[{"href":"https:\/\/axis-india.com\/es\/wp-json\/wp\/v2\/media?parent=93000"}],"wp:term":[{"taxonomy":"product_brand","embeddable":true,"href":"https:\/\/axis-india.com\/es\/wp-json\/wp\/v2\/product_brand?post=93000"},{"taxonomy":"product_cat","embeddable":true,"href":"https:\/\/axis-india.com\/es\/wp-json\/wp\/v2\/product_cat?post=93000"},{"taxonomy":"product_tag","embeddable":true,"href":"https:\/\/axis-india.com\/es\/wp-json\/wp\/v2\/product_tag?post=93000"}],"curies":[{"name":"wp","href":"https:\/\/api.w.org\/{rel}","templated":true}]}}