{"id":92000,"date":"2022-10-17T16:57:56","date_gmt":"2022-10-17T11:27:56","guid":{"rendered":"https:\/\/axis-india.com\/es\/?post_type=product&#038;p=92000"},"modified":"2023-07-28T17:51:57","modified_gmt":"2023-07-28T12:21:57","slug":"llave-de-trinquete","status":"publish","type":"product","link":"https:\/\/axis-india.com\/es\/product\/llave-de-trinquete\/","title":{"rendered":"Llave de Trinquete"},"content":{"rendered":"<h4>Caracter\u00edsticas y Beneficios:<\/h4>\n<ul>\n<li>Facilidad de instalaci\u00f3n de pernos, tuercas y cabezas de corte utilizados en grampas y conectores.<\/li>\n<li>Funci\u00f3n de trinquete reversible que permite apretar y aflojar con la misma herramienta.<\/li>\n<\/ul>\n","protected":false},"excerpt":{"rendered":"<p>Caracter\u00edsticas y Beneficios: Facilidad de instalaci\u00f3n de pernos, tuercas y cabezas de corte utilizados en grampas y conectores. Funci\u00f3n de trinquete reversible que permite apretar y aflojar con la misma herramienta.<\/p>\n","protected":false},"featured_media":92001,"comment_status":"closed","ping_status":"closed","template":"","meta":{"inline_featured_image":false},"product_brand":[],"product_cat":[715],"product_tag":[],"class_list":{"0":"post-92000","1":"product","2":"type-product","3":"status-publish","4":"has-post-thumbnail","6":"product_cat-hardware-y-herramientas-de-soporte","8":"first","9":"outofstock","10":"shipping-taxable","11":"purchasable","12":"product-type-simple"},"acf":[],"_links":{"self":[{"href":"https:\/\/axis-india.com\/es\/wp-json\/wp\/v2\/product\/92000","targetHints":{"allow":["GET"]}}],"collection":[{"href":"https:\/\/axis-india.com\/es\/wp-json\/wp\/v2\/product"}],"about":[{"href":"https:\/\/axis-india.com\/es\/wp-json\/wp\/v2\/types\/product"}],"replies":[{"embeddable":true,"href":"https:\/\/axis-india.com\/es\/wp-json\/wp\/v2\/comments?post=92000"}],"wp:featuredmedia":[{"embeddable":true,"href":"https:\/\/axis-india.com\/es\/wp-json\/wp\/v2\/media\/92001"}],"wp:attachment":[{"href":"https:\/\/axis-india.com\/es\/wp-json\/wp\/v2\/media?parent=92000"}],"wp:term":[{"taxonomy":"product_brand","embeddable":true,"href":"https:\/\/axis-india.com\/es\/wp-json\/wp\/v2\/product_brand?post=92000"},{"taxonomy":"product_cat","embeddable":true,"href":"https:\/\/axis-india.com\/es\/wp-json\/wp\/v2\/product_cat?post=92000"},{"taxonomy":"product_tag","embeddable":true,"href":"https:\/\/axis-india.com\/es\/wp-json\/wp\/v2\/product_tag?post=92000"}],"curies":[{"name":"wp","href":"https:\/\/api.w.org\/{rel}","templated":true}]}}