{"id":85354,"date":"2022-10-17T14:24:22","date_gmt":"2022-10-17T08:54:22","guid":{"rendered":"https:\/\/axis-india.com\/es\/?post_type=product&#038;p=85354"},"modified":"2023-07-28T16:54:43","modified_gmt":"2023-07-28T11:24:43","slug":"cajas-de-distribucion-pc","status":"publish","type":"product","link":"https:\/\/axis-india.com\/es\/product\/cajas-de-distribucion-pc\/","title":{"rendered":"Cajas de Distribuci\u00f3n (PC)"},"content":{"rendered":"<p>Esta gama de Cajas de Distribuci\u00f3n est\u00e1 fabricada en Policarbonato (PC) o ASA. Estas cajas ofrecen la opci\u00f3n de conexiones de resorte o conexiones de barra colectora y se utilizan para realizar m\u00faltiples conexiones desde una sola carcasa, las cuales pueden usarse para la distribuci\u00f3n a hogares.<\/p>\n<div class=\"row\">\n<div class=\"col-6\">\n<h4>Materiales:<\/h4>\n<ul>\n<li>Cuerpo: Termopl\u00e1stico de ingenier\u00eda resistente a los rayos UV y retardante de llama (PC o ASA).<\/li>\n<li>Opci\u00f3n de Resorte Cargado: Barra Colectora de Cobre. Barra Colectora de Aluminio seg\u00fan los requisitos del cliente.<\/li>\n<li>Casete: Termopl\u00e1stico de ingenier\u00eda resistente a los rayos UV.<\/li>\n<li>Opci\u00f3n de Barra Colectora: Barra Colectora de Cobre. Barra Colectora de Aluminio seg\u00fan los requisitos del cliente.<\/li>\n<\/ul>\n<\/div>\n<div class=\"col-6\">\n<h4>Caracter\u00edsticas y Beneficios:<\/h4>\n<ul>\n<li>Pasa la prueba del hilo incandescente de 960\u00b0C seg\u00fan la norma IEC y, por lo tanto, protege toda la l\u00ednea contra incendios.<\/li>\n<li>Clasificaci\u00f3n IP 55 y supera la Prueba de Deflexi\u00f3n de Calor, lo que reduce las p\u00e9rdidas y fallos en la distribuci\u00f3n.<\/li>\n<li>Resistencia a descargas el\u00e9ctricas para proteger vidas humanas.<\/li>\n<li>Soportes universales que permiten montar las cajas en cualquier tipo de poste.<\/li>\n<li>Dise\u00f1o con llave especialmente dise\u00f1ada para bloquear\/abrir las cajas y evitar p\u00e9rdidas debido a robos el\u00e9ctricos.<\/li>\n<li>El dise\u00f1o con resorte permite una instalaci\u00f3n r\u00e1pida y sencilla de los cables.<\/li>\n<li>Debido a su capacidad de reciclaje, estas cajas tienen un menor impacto en el medio ambiente.<\/li>\n<li>Estas cajas eliminan el uso de m\u00faltiples conectores de perforaci\u00f3n en un cable principal, lo que simplifica la gesti\u00f3n del inventario.<\/li>\n<li>Se pueden obtener cajas personalizadas bajo pedido.<\/li>\n<\/ul>\n<\/div>\n<\/div>\n","protected":false},"excerpt":{"rendered":"<p>Esta gama de Cajas de Distribuci\u00f3n est\u00e1 fabricada en Policarbonato (PC) o ASA. Estas cajas ofrecen la opci\u00f3n de conexiones de resorte o conexiones de barra colectora y se utilizan para realizar m\u00faltiples conexiones desde una sola carcasa, las cuales pueden usarse para la distribuci\u00f3n a hogares. Materiales: Cuerpo: Termopl\u00e1stico de ingenier\u00eda resistente a los rayos UV y retardante de llama (PC o ASA). Opci\u00f3n de Resorte Cargado: Barra Colectora de Cobre. Barra Colectora de Aluminio seg\u00fan los requisitos del cliente. Casete: Termopl\u00e1stico de ingenier\u00eda resistente a los rayos UV. Opci\u00f3n de Barra Colectora: Barra Colectora de Cobre. Barra Colectora de Aluminio seg\u00fan los requisitos del cliente. Caracter\u00edsticas y Beneficios: Pasa la prueba del hilo incandescente de 960\u00b0C seg\u00fan la norma IEC y, por lo tanto, protege toda la l\u00ednea contra incendios. Clasificaci\u00f3n IP 55 y supera la Prueba de Deflexi\u00f3n de Calor, lo que reduce las p\u00e9rdidas y fallos en la distribuci\u00f3n. Resistencia a descargas el\u00e9ctricas para proteger vidas humanas. Soportes universales que permiten montar las cajas en cualquier tipo de poste. Dise\u00f1o con llave especialmente dise\u00f1ada para bloquear\/abrir las cajas y evitar p\u00e9rdidas debido a robos el\u00e9ctricos. El dise\u00f1o con resorte permite una instalaci\u00f3n r\u00e1pida y sencilla de los cables. Debido a su capacidad de reciclaje, estas cajas tienen un menor impacto en el medio ambiente. Estas cajas eliminan el uso de m\u00faltiples conectores de perforaci\u00f3n en un cable principal, lo que simplifica la gesti\u00f3n del inventario. Se pueden obtener cajas personalizadas bajo pedido.<\/p>\n","protected":false},"featured_media":85332,"comment_status":"closed","ping_status":"closed","template":"","meta":{"inline_featured_image":false},"product_brand":[],"product_cat":[455,705],"product_tag":[],"class_list":{"0":"post-85354","1":"product","2":"type-product","3":"status-publish","4":"has-post-thumbnail","6":"product_cat-ab-cable-accessories","7":"product_cat-cajas-de-distribucion","9":"first","10":"instock","11":"shipping-taxable","12":"purchasable","13":"product-type-variable"},"acf":[],"_links":{"self":[{"href":"https:\/\/axis-india.com\/es\/wp-json\/wp\/v2\/product\/85354","targetHints":{"allow":["GET"]}}],"collection":[{"href":"https:\/\/axis-india.com\/es\/wp-json\/wp\/v2\/product"}],"about":[{"href":"https:\/\/axis-india.com\/es\/wp-json\/wp\/v2\/types\/product"}],"replies":[{"embeddable":true,"href":"https:\/\/axis-india.com\/es\/wp-json\/wp\/v2\/comments?post=85354"}],"wp:featuredmedia":[{"embeddable":true,"href":"https:\/\/axis-india.com\/es\/wp-json\/wp\/v2\/media\/85332"}],"wp:attachment":[{"href":"https:\/\/axis-india.com\/es\/wp-json\/wp\/v2\/media?parent=85354"}],"wp:term":[{"taxonomy":"product_brand","embeddable":true,"href":"https:\/\/axis-india.com\/es\/wp-json\/wp\/v2\/product_brand?post=85354"},{"taxonomy":"product_cat","embeddable":true,"href":"https:\/\/axis-india.com\/es\/wp-json\/wp\/v2\/product_cat?post=85354"},{"taxonomy":"product_tag","embeddable":true,"href":"https:\/\/axis-india.com\/es\/wp-json\/wp\/v2\/product_tag?post=85354"}],"curies":[{"name":"wp","href":"https:\/\/api.w.org\/{rel}","templated":true}]}}