{"id":85292,"date":"2022-10-17T12:40:41","date_gmt":"2022-10-17T07:10:41","guid":{"rendered":"https:\/\/axis-india.com\/es\/?post_type=product&#038;p=85292"},"modified":"2023-06-21T17:15:07","modified_gmt":"2023-06-21T11:45:07","slug":"conectores-de-perforacion-de-aislamiento","status":"publish","type":"product","link":"https:\/\/axis-india.com\/es\/product\/conectores-de-perforacion-de-aislamiento\/","title":{"rendered":"Conectores de Perforaci\u00f3n de Aislamiento"},"content":{"rendered":"<p>Los conectores de perforaci\u00f3n de aislamiento se utilizan en todos los sistemas de cables AB (cable mensajero y sistema de soporte) para tomar una conexi\u00f3n de derivaci\u00f3n. Esta conexi\u00f3n puede utilizarse para continuar la l\u00ednea, distribuir la l\u00ednea, utilizarse en la iluminaci\u00f3n de calles o en las conexiones de servicio a los hogares. El dise\u00f1o permite que la conexi\u00f3n est\u00e9 completamente sellada contra cualquier entrada de agua, actuando as\u00ed como un conector impermeable.<\/p>\n<div class=\"row\">\n<div class=\"col-6\">\n<h4>Materiales:<\/h4>\n<ul>\n<li>Cuerpo: Pl\u00e1stico de ingenier\u00eda de alta resistencia negro utilizado para la fiabilidad mec\u00e1nica del conector.<\/li>\n<li>Placas de contacto: Cobre esta\u00f1ado o aleaci\u00f3n de cobre esta\u00f1ado o aluminio o aleaci\u00f3n de aluminio.<\/li>\n<li>Elementos de fijaci\u00f3n: Acero galvanizado.<\/li>\n<li>Tuerca de cizallamiento: Aluminio o aleaci\u00f3n de aluminio y zinc.<\/li>\n<\/ul>\n<\/div>\n<div class=\"col-6\">\n<h4>Caracter\u00edsticas y beneficios:<\/h4>\n<ul>\n<li>Cumple con las Normas de Pruebas Nacionales e Internacionales (NF C, BSEN, etc.).<\/li>\n<li>La conexi\u00f3n de derivaci\u00f3n puede tomarse de cualquier lado y se proporciona una tapa de extremo llena de grasa para una terminaci\u00f3n segura.<\/li>\n<li>Instalaci\u00f3n f\u00e1cil y segura en l\u00edneas vivas, lo que reduce el tiempo de inactividad durante el mantenimiento y la instalaci\u00f3n.<\/li>\n<li>Las conexiones se realizan sin pelar el cable, lo que asegura una larga vida \u00fatil del cable y evita p\u00e9rdidas debido a robos.<\/li>\n<li>Resistente a la intemperie e impermeable (pasa la prueba de 6 KV bajo el agua), lo que reduce las p\u00e9rdidas y fallas en la distribuci\u00f3n.<\/li>\n<li>Las placas de contacto permiten el uso bimet\u00e1lico y son adecuadas para conexiones de aluminio a aluminio y de aluminio a cobre.<\/li>\n<li>Permite el alojamiento de una variedad de tama\u00f1os de cable y no tiene partes que se puedan perder, lo que facilita la gesti\u00f3n del inventario.<\/li>\n<li>Apretado simult\u00e1neo con el dise\u00f1o de tuerca de cizallamiento, que evita conexiones sueltas o excesivamente apretadas.<\/li>\n<\/ul>\n<\/div>\n<\/div>\n","protected":false},"excerpt":{"rendered":"<p>Los conectores de perforaci\u00f3n de aislamiento se utilizan en todos los sistemas de cables AB (cable mensajero y sistema de soporte) para tomar una conexi\u00f3n de derivaci\u00f3n. Esta conexi\u00f3n puede utilizarse para continuar la l\u00ednea, distribuir la l\u00ednea, utilizarse en la iluminaci\u00f3n de calles o en las conexiones de servicio a los hogares. El dise\u00f1o permite que la conexi\u00f3n est\u00e9 completamente sellada contra cualquier entrada de agua, actuando as\u00ed como un conector impermeable. Materiales: Cuerpo: Pl\u00e1stico de ingenier\u00eda de alta resistencia negro utilizado para la fiabilidad mec\u00e1nica del conector. Placas de contacto: Cobre esta\u00f1ado o aleaci\u00f3n de cobre esta\u00f1ado o aluminio o aleaci\u00f3n de aluminio. Elementos de fijaci\u00f3n: Acero galvanizado. Tuerca de cizallamiento: Aluminio o aleaci\u00f3n de aluminio y zinc. Caracter\u00edsticas y beneficios: Cumple con las Normas de Pruebas Nacionales e Internacionales (NF C, BSEN, etc.). La conexi\u00f3n de derivaci\u00f3n puede tomarse de cualquier lado y se proporciona una tapa de extremo llena de grasa para una terminaci\u00f3n segura. Instalaci\u00f3n f\u00e1cil y segura en l\u00edneas vivas, lo que reduce el tiempo de inactividad durante el mantenimiento y la instalaci\u00f3n. Las conexiones se realizan sin pelar el cable, lo que asegura una larga vida \u00fatil del cable y evita p\u00e9rdidas debido a robos. Resistente a la intemperie e impermeable (pasa la prueba de 6 KV bajo el agua), lo que reduce las p\u00e9rdidas y fallas en la distribuci\u00f3n. Las placas de contacto permiten el uso bimet\u00e1lico y son adecuadas para conexiones de aluminio a aluminio y de aluminio a cobre. Permite el alojamiento de una variedad de tama\u00f1os de cable y no tiene partes que se puedan perder, lo que facilita la gesti\u00f3n del inventario. Apretado simult\u00e1neo con el dise\u00f1o de tuerca de cizallamiento, que evita conexiones sueltas o excesivamente apretadas.<\/p>\n","protected":false},"featured_media":111328,"comment_status":"closed","ping_status":"closed","template":"","meta":{"inline_featured_image":false},"product_brand":[],"product_cat":[455,704],"product_tag":[],"class_list":{"0":"post-85292","1":"product","2":"type-product","3":"status-publish","4":"has-post-thumbnail","6":"product_cat-ab-cable-accessories","7":"product_cat-connecting-system-ab-cable-accessories","9":"first","10":"instock","11":"shipping-taxable","12":"purchasable","13":"product-type-variable"},"acf":[],"_links":{"self":[{"href":"https:\/\/axis-india.com\/es\/wp-json\/wp\/v2\/product\/85292","targetHints":{"allow":["GET"]}}],"collection":[{"href":"https:\/\/axis-india.com\/es\/wp-json\/wp\/v2\/product"}],"about":[{"href":"https:\/\/axis-india.com\/es\/wp-json\/wp\/v2\/types\/product"}],"replies":[{"embeddable":true,"href":"https:\/\/axis-india.com\/es\/wp-json\/wp\/v2\/comments?post=85292"}],"wp:featuredmedia":[{"embeddable":true,"href":"https:\/\/axis-india.com\/es\/wp-json\/wp\/v2\/media\/111328"}],"wp:attachment":[{"href":"https:\/\/axis-india.com\/es\/wp-json\/wp\/v2\/media?parent=85292"}],"wp:term":[{"taxonomy":"product_brand","embeddable":true,"href":"https:\/\/axis-india.com\/es\/wp-json\/wp\/v2\/product_brand?post=85292"},{"taxonomy":"product_cat","embeddable":true,"href":"https:\/\/axis-india.com\/es\/wp-json\/wp\/v2\/product_cat?post=85292"},{"taxonomy":"product_tag","embeddable":true,"href":"https:\/\/axis-india.com\/es\/wp-json\/wp\/v2\/product_tag?post=85292"}],"curies":[{"name":"wp","href":"https:\/\/api.w.org\/{rel}","templated":true}]}}