{"id":60000,"date":"2022-10-17T16:57:49","date_gmt":"2022-10-17T11:27:49","guid":{"rendered":"https:\/\/axis-india.com\/es\/?post_type=product&#038;p=60000"},"modified":"2023-07-28T17:41:36","modified_gmt":"2023-07-28T12:11:36","slug":"elastomeric-end-caps","status":"publish","type":"product","link":"https:\/\/axis-india.com\/es\/product\/elastomeric-end-caps\/","title":{"rendered":"Tapones de Extremo Elastom\u00e9ricos"},"content":{"rendered":"<p>Tapones de Extremo Elastom\u00e9ricos. Estos tapones se utilizan para terminar los extremos del cable AB y generalmente se suministran con los conectores de perforaci\u00f3n, pero tambi\u00e9n se pueden suministrar por separado.<\/p>\n<div class=\"row\">\n<div class=\"col-6\">\n<h4>Caracter\u00edsticas:<\/h4>\n<ul>\n<li>Resiste la prueba bajo el agua de 6KV.<\/li>\n<li>Elast\u00f3mero resistente a los rayos UV.<\/li>\n<li>Un tap\u00f3n de extremo se usa para acomodar una variedad de tama\u00f1os de cables.<\/li>\n<\/ul>\n<\/div>\n<\/div>\n","protected":false},"excerpt":{"rendered":"<p>Tapones de Extremo Elastom\u00e9ricos. Estos tapones se utilizan para terminar los extremos del cable AB y generalmente se suministran con los conectores de perforaci\u00f3n, pero tambi\u00e9n se pueden suministrar por separado. Caracter\u00edsticas: Resiste la prueba bajo el agua de 6KV. Elast\u00f3mero resistente a los rayos UV. Un tap\u00f3n de extremo se usa para acomodar una variedad de tama\u00f1os de cables.<\/p>\n","protected":false},"featured_media":85390,"comment_status":"closed","ping_status":"closed","template":"","meta":{"inline_featured_image":false},"product_brand":[],"product_cat":[455,715],"product_tag":[],"class_list":{"0":"post-60000","1":"product","2":"type-product","3":"status-publish","4":"has-post-thumbnail","6":"product_cat-ab-cable-accessories","7":"product_cat-hardware-y-herramientas-de-soporte","9":"first","10":"outofstock","11":"shipping-taxable","12":"purchasable","13":"product-type-simple"},"acf":[],"_links":{"self":[{"href":"https:\/\/axis-india.com\/es\/wp-json\/wp\/v2\/product\/60000","targetHints":{"allow":["GET"]}}],"collection":[{"href":"https:\/\/axis-india.com\/es\/wp-json\/wp\/v2\/product"}],"about":[{"href":"https:\/\/axis-india.com\/es\/wp-json\/wp\/v2\/types\/product"}],"replies":[{"embeddable":true,"href":"https:\/\/axis-india.com\/es\/wp-json\/wp\/v2\/comments?post=60000"}],"wp:featuredmedia":[{"embeddable":true,"href":"https:\/\/axis-india.com\/es\/wp-json\/wp\/v2\/media\/85390"}],"wp:attachment":[{"href":"https:\/\/axis-india.com\/es\/wp-json\/wp\/v2\/media?parent=60000"}],"wp:term":[{"taxonomy":"product_brand","embeddable":true,"href":"https:\/\/axis-india.com\/es\/wp-json\/wp\/v2\/product_brand?post=60000"},{"taxonomy":"product_cat","embeddable":true,"href":"https:\/\/axis-india.com\/es\/wp-json\/wp\/v2\/product_cat?post=60000"},{"taxonomy":"product_tag","embeddable":true,"href":"https:\/\/axis-india.com\/es\/wp-json\/wp\/v2\/product_tag?post=60000"}],"curies":[{"name":"wp","href":"https:\/\/api.w.org\/{rel}","templated":true}]}}