{"id":50387,"date":"2022-10-13T14:25:54","date_gmt":"2022-10-13T08:55:54","guid":{"rendered":"https:\/\/axis-india.com\/es\/?post_type=product&#038;p=50387"},"modified":"2023-07-28T15:29:51","modified_gmt":"2023-07-28T09:59:51","slug":"grampas-de-suspension-de-alta-tension","status":"publish","type":"product","link":"https:\/\/axis-india.com\/es\/product\/grampas-de-suspension-de-alta-tension\/","title":{"rendered":"Grampas de Suspensi\u00f3n de Alta Tensi\u00f3n"},"content":{"rendered":"<p>Las Grampas de Suspensi\u00f3n de Axis (SCB-HT) para Sistemas de Mensajero Desnudo &#8211; L\u00ednea HT se utilizan para suspender y sujetar el mensajero neutro no aislado de secciones transversales de 50-150 mm2. Hecho para ser espec\u00edfico del pa\u00eds y la regi\u00f3n, este producto est\u00e1 disponible en un tipo con pernos y personalizado seg\u00fan los requisitos del cliente. Este producto se utiliza junto con varios ganchos.<\/p>\n<div class=\"row\">\n<div class=\"col-6\">\n<h4>Materiales (Tipo Con Pernos):<\/h4>\n<ul>\n<li>Cuerpo : Aleaci\u00f3n de aluminio de alta resistencia<\/li>\n<li>Pernos en U y tuercas : Acero galvanizado<\/li>\n<\/ul>\n<\/div>\n<div class=\"col-6\">\n<h4>Caracter\u00edsticas y beneficios:<\/h4>\n<ul>\n<li>Resistente a la corrosi\u00f3n<\/li>\n<li>El producto est\u00e1 dise\u00f1ado para llevar una gama de tama\u00f1os de cable de mensajero y puede soportar la carga del tama\u00f1o de cable acomodado (BSEN 50483 y requisitos espec\u00edficos del cliente).<\/li>\n<\/ul>\n<\/div>\n<\/div>\n","protected":false},"excerpt":{"rendered":"<p>Las Grampas de Suspensi\u00f3n de Axis (SCB-HT) para Sistemas de Mensajero Desnudo &#8211; L\u00ednea HT se utilizan para suspender y sujetar el mensajero neutro no aislado de secciones transversales de 50-150 mm2. Hecho para ser espec\u00edfico del pa\u00eds y la regi\u00f3n, este producto est\u00e1 disponible en un tipo con pernos y personalizado seg\u00fan los requisitos del cliente. Este producto se utiliza junto con varios ganchos. Materiales (Tipo Con Pernos): Cuerpo : Aleaci\u00f3n de aluminio de alta resistencia Pernos en U y tuercas : Acero galvanizado Caracter\u00edsticas y beneficios: Resistente a la corrosi\u00f3n El producto est\u00e1 dise\u00f1ado para llevar una gama de tama\u00f1os de cable de mensajero y puede soportar la carga del tama\u00f1o de cable acomodado (BSEN 50483 y requisitos espec\u00edficos del cliente).<\/p>\n","protected":false},"featured_media":50388,"comment_status":"closed","ping_status":"closed","template":"","meta":{"inline_featured_image":false},"product_brand":[],"product_cat":[455,456],"product_tag":[],"class_list":{"0":"post-50387","1":"product","2":"type-product","3":"status-publish","4":"has-post-thumbnail","6":"product_cat-ab-cable-accessories","7":"product_cat-accesorios-cables-aluminio","9":"first","10":"instock","11":"shipping-taxable","12":"purchasable","13":"product-type-variable"},"acf":[],"_links":{"self":[{"href":"https:\/\/axis-india.com\/es\/wp-json\/wp\/v2\/product\/50387","targetHints":{"allow":["GET"]}}],"collection":[{"href":"https:\/\/axis-india.com\/es\/wp-json\/wp\/v2\/product"}],"about":[{"href":"https:\/\/axis-india.com\/es\/wp-json\/wp\/v2\/types\/product"}],"replies":[{"embeddable":true,"href":"https:\/\/axis-india.com\/es\/wp-json\/wp\/v2\/comments?post=50387"}],"wp:featuredmedia":[{"embeddable":true,"href":"https:\/\/axis-india.com\/es\/wp-json\/wp\/v2\/media\/50388"}],"wp:attachment":[{"href":"https:\/\/axis-india.com\/es\/wp-json\/wp\/v2\/media?parent=50387"}],"wp:term":[{"taxonomy":"product_brand","embeddable":true,"href":"https:\/\/axis-india.com\/es\/wp-json\/wp\/v2\/product_brand?post=50387"},{"taxonomy":"product_cat","embeddable":true,"href":"https:\/\/axis-india.com\/es\/wp-json\/wp\/v2\/product_cat?post=50387"},{"taxonomy":"product_tag","embeddable":true,"href":"https:\/\/axis-india.com\/es\/wp-json\/wp\/v2\/product_tag?post=50387"}],"curies":[{"name":"wp","href":"https:\/\/api.w.org\/{rel}","templated":true}]}}