{"id":50377,"date":"2022-10-13T14:25:47","date_gmt":"2022-10-13T08:55:47","guid":{"rendered":"https:\/\/axis-india.com\/es\/?post_type=product&#038;p=50377"},"modified":"2023-07-28T15:56:27","modified_gmt":"2023-07-28T10:26:27","slug":"grampas-de-suspension-diseno-personalizado-nfc","status":"publish","type":"product","link":"https:\/\/axis-india.com\/es\/product\/grampas-de-suspension-diseno-personalizado-nfc\/","title":{"rendered":"Grampas de Suspensi\u00f3n (Dise\u00f1o Personalizado NFC)"},"content":{"rendered":"<p>Las Grampas de Suspensi\u00f3n de Axis para el Sistema de Mensajero Neutral No Aislado (SCI-B) se utilizan junto con un soporte u otro hardware de soporte para suspender y sujetar, sin da\u00f1ar, el mensajero neutral de un sistema LV-ABC mediante un bloqueo ajustable que acomoda una gama de tama\u00f1os de cable. La grampa y el soporte est\u00e1n disponibles montados en f\u00e1brica o por separado.<\/p>\n<div class=\"row\">\n<div class=\"col-6\">\n<h4>Materiales:<\/h4>\n<ul>\n<li>Cuerpo, Enlace M\u00f3vil &amp; Guarda: Pl\u00e1stico de ingenier\u00eda de alta resistencia, resistente a los rayos UV y a la intemperie.<\/li>\n<\/ul>\n<\/div>\n<div class=\"col-6\">\n<h4>Caracter\u00edsticas &amp; Beneficios:<\/h4>\n<ul>\n<li>Excede los requisitos de NF C 33-040 y otros est\u00e1ndares internacionales.<\/li>\n<li>Los pl\u00e1sticos de ingenier\u00eda utilizados proporcionan aislamiento adicional, resistencia y permiten el trabajo en l\u00ednea viva sin herramientas adicionales.<\/li>\n<li>La aplicaci\u00f3n de grano a lo largo de la superficie de agarre del cable permite agarrar cables desnudos.<\/li>\n<li>El dise\u00f1o facilita movimientos longitudinales y transversales, permitiendo un f\u00e1cil giro en \u00e1reas congestionadas.<\/li>\n<li>Resiste condiciones extremas que conducen a una larga vida \u00fatil, seguridad, bajo mantenimiento y reducci\u00f3n del costo de por vida.<\/li>\n<\/ul>\n<\/div>\n<\/div>\n","protected":false},"excerpt":{"rendered":"<p>Las Grampas de Suspensi\u00f3n de Axis para el Sistema de Mensajero Neutral No Aislado (SCI-B) se utilizan junto con un soporte u otro hardware de soporte para suspender y sujetar, sin da\u00f1ar, el mensajero neutral de un sistema LV-ABC mediante un bloqueo ajustable que acomoda una gama de tama\u00f1os de cable. La grampa y el soporte est\u00e1n disponibles montados en f\u00e1brica o por separado. Materiales: Cuerpo, Enlace M\u00f3vil &amp; Guarda: Pl\u00e1stico de ingenier\u00eda de alta resistencia, resistente a los rayos UV y a la intemperie. Caracter\u00edsticas &amp; Beneficios: Excede los requisitos de NF C 33-040 y otros est\u00e1ndares internacionales. Los pl\u00e1sticos de ingenier\u00eda utilizados proporcionan aislamiento adicional, resistencia y permiten el trabajo en l\u00ednea viva sin herramientas adicionales. La aplicaci\u00f3n de grano a lo largo de la superficie de agarre del cable permite agarrar cables desnudos. El dise\u00f1o facilita movimientos longitudinales y transversales, permitiendo un f\u00e1cil giro en \u00e1reas congestionadas. Resiste condiciones extremas que conducen a una larga vida \u00fatil, seguridad, bajo mantenimiento y reducci\u00f3n del costo de por vida.<\/p>\n","protected":false},"featured_media":50378,"comment_status":"closed","ping_status":"closed","template":"","meta":{"inline_featured_image":false},"product_brand":[],"product_cat":[455,456],"product_tag":[1302,1319,1305],"class_list":{"0":"post-50377","1":"product","2":"type-product","3":"status-publish","4":"has-post-thumbnail","6":"product_cat-ab-cable-accessories","7":"product_cat-accesorios-cables-aluminio","8":"product_tag-nfc-design","9":"product_tag-suspension-clamps-as-per-nfc-design","10":"product_tag-uninsulated-neutral-messenger-system","12":"first","13":"instock","14":"shipping-taxable","15":"purchasable","16":"product-type-variable"},"acf":[],"_links":{"self":[{"href":"https:\/\/axis-india.com\/es\/wp-json\/wp\/v2\/product\/50377","targetHints":{"allow":["GET"]}}],"collection":[{"href":"https:\/\/axis-india.com\/es\/wp-json\/wp\/v2\/product"}],"about":[{"href":"https:\/\/axis-india.com\/es\/wp-json\/wp\/v2\/types\/product"}],"replies":[{"embeddable":true,"href":"https:\/\/axis-india.com\/es\/wp-json\/wp\/v2\/comments?post=50377"}],"wp:featuredmedia":[{"embeddable":true,"href":"https:\/\/axis-india.com\/es\/wp-json\/wp\/v2\/media\/50378"}],"wp:attachment":[{"href":"https:\/\/axis-india.com\/es\/wp-json\/wp\/v2\/media?parent=50377"}],"wp:term":[{"taxonomy":"product_brand","embeddable":true,"href":"https:\/\/axis-india.com\/es\/wp-json\/wp\/v2\/product_brand?post=50377"},{"taxonomy":"product_cat","embeddable":true,"href":"https:\/\/axis-india.com\/es\/wp-json\/wp\/v2\/product_cat?post=50377"},{"taxonomy":"product_tag","embeddable":true,"href":"https:\/\/axis-india.com\/es\/wp-json\/wp\/v2\/product_tag?post=50377"}],"curies":[{"name":"wp","href":"https:\/\/api.w.org\/{rel}","templated":true}]}}