{"id":50372,"date":"2022-10-13T14:25:42","date_gmt":"2022-10-13T08:55:42","guid":{"rendered":"https:\/\/axis-india.com\/es\/?post_type=product&#038;p=50372"},"modified":"2023-07-27T16:46:58","modified_gmt":"2023-07-27T11:16:58","slug":"anchoring-clamp-3","status":"publish","type":"product","link":"https:\/\/axis-india.com\/es\/product\/anchoring-clamp-3\/","title":{"rendered":"Abrazaderas de Anclaje (Dise\u00f1o NFC Personalizado)"},"content":{"rendered":"<p>Las Abrazaderas de Anclaje del Eje para el Sistema de Mensajero Neutral No Aislado (ACI-B) se utilizan junto con un soporte u otro hardware de soporte (como una opci\u00f3n personalizada), y se utilizan para tensar el mensajero neutral no aislado y tambi\u00e9n para proporcionar \u00e1ngulos de un sistema LV-ABC sin da\u00f1ar el mensajero neutral. La abrazadera y el soporte est\u00e1n disponibles por separado o ensamblados en f\u00e1brica.<\/p>\n<div class=\"row\">\n<div class=\"col-6\">\n<h4>Materiales:<\/h4>\n<ul>\n<li>Cuerpo: Aleaci\u00f3n de aluminio fundido de alta resistencia.<\/li>\n<li>Cu\u00f1as: Pl\u00e1stico de ingenier\u00eda resistente a los UV y a la intemperie.<\/li>\n<li>Alambre: Alambre de acero inoxidable flexible resistente a la corrosi\u00f3n.<\/li>\n<\/ul>\n<\/div>\n<div class=\"col-6\">\n<h4>Caracter\u00edsticas y Beneficios:<\/h4>\n<ul>\n<li>Excede los requisitos de la NF C 33-041 y tambi\u00e9n se utiliza en proyectos REC en India.<\/li>\n<li>Los pl\u00e1sticos de ingenier\u00eda proporcionan aislamiento adicional, resistencia y permiten trabajar en l\u00ednea viva sin herramientas adicionales.<\/li>\n<li>El grano aplicado a lo largo de la superficie de agarre del cable permite agarrar cables desnudos.<\/li>\n<li>Dos abrazaderas con un soporte se utilizan para ensamblaje de \u00e1ngulo grande, lo que permite un f\u00e1cil giro en \u00e1reas congestionadas.<\/li>\n<li>Dise\u00f1o de Abrazadera cautiva con un soporte utilizado para tensar, reduce el tiempo y el costo de instalaci\u00f3n.<\/li>\n<li>Resiste condiciones extremas, lo que conduce a una larga vida \u00fatil, seguridad, bajo mantenimiento y reducci\u00f3n del costo de por vida.<\/li>\n<\/ul>\n<\/div>\n<\/div>\n","protected":false},"excerpt":{"rendered":"<p>Las Abrazaderas de Anclaje del Eje para el Sistema de Mensajero Neutral No Aislado (ACI-B) se utilizan junto con un soporte u otro hardware de soporte (como una opci\u00f3n personalizada), y se utilizan para tensar el mensajero neutral no aislado y tambi\u00e9n para proporcionar \u00e1ngulos de un sistema LV-ABC sin da\u00f1ar el mensajero neutral. La abrazadera y el soporte est\u00e1n disponibles por separado o ensamblados en f\u00e1brica. Materiales: Cuerpo: Aleaci\u00f3n de aluminio fundido de alta resistencia. Cu\u00f1as: Pl\u00e1stico de ingenier\u00eda resistente a los UV y a la intemperie. Alambre: Alambre de acero inoxidable flexible resistente a la corrosi\u00f3n. Caracter\u00edsticas y Beneficios: Excede los requisitos de la NF C 33-041 y tambi\u00e9n se utiliza en proyectos REC en India. Los pl\u00e1sticos de ingenier\u00eda proporcionan aislamiento adicional, resistencia y permiten trabajar en l\u00ednea viva sin herramientas adicionales. El grano aplicado a lo largo de la superficie de agarre del cable permite agarrar cables desnudos. Dos abrazaderas con un soporte se utilizan para ensamblaje de \u00e1ngulo grande, lo que permite un f\u00e1cil giro en \u00e1reas congestionadas. Dise\u00f1o de Abrazadera cautiva con un soporte utilizado para tensar, reduce el tiempo y el costo de instalaci\u00f3n. Resiste condiciones extremas, lo que conduce a una larga vida \u00fatil, seguridad, bajo mantenimiento y reducci\u00f3n del costo de por vida.<\/p>\n","protected":false},"featured_media":85290,"comment_status":"closed","ping_status":"closed","template":"","meta":{"inline_featured_image":false},"product_brand":[],"product_cat":[455,456],"product_tag":[1288,1302,1303],"class_list":{"0":"post-50372","1":"product","2":"type-product","3":"status-publish","4":"has-post-thumbnail","6":"product_cat-ab-cable-accessories","7":"product_cat-accesorios-cables-aluminio","8":"product_tag-anchoring-clamps","9":"product_tag-nfc-design","10":"product_tag-uninsulated-messenger-system","12":"first","13":"instock","14":"shipping-taxable","15":"purchasable","16":"product-type-variable"},"acf":[],"_links":{"self":[{"href":"https:\/\/axis-india.com\/es\/wp-json\/wp\/v2\/product\/50372","targetHints":{"allow":["GET"]}}],"collection":[{"href":"https:\/\/axis-india.com\/es\/wp-json\/wp\/v2\/product"}],"about":[{"href":"https:\/\/axis-india.com\/es\/wp-json\/wp\/v2\/types\/product"}],"replies":[{"embeddable":true,"href":"https:\/\/axis-india.com\/es\/wp-json\/wp\/v2\/comments?post=50372"}],"wp:featuredmedia":[{"embeddable":true,"href":"https:\/\/axis-india.com\/es\/wp-json\/wp\/v2\/media\/85290"}],"wp:attachment":[{"href":"https:\/\/axis-india.com\/es\/wp-json\/wp\/v2\/media?parent=50372"}],"wp:term":[{"taxonomy":"product_brand","embeddable":true,"href":"https:\/\/axis-india.com\/es\/wp-json\/wp\/v2\/product_brand?post=50372"},{"taxonomy":"product_cat","embeddable":true,"href":"https:\/\/axis-india.com\/es\/wp-json\/wp\/v2\/product_cat?post=50372"},{"taxonomy":"product_tag","embeddable":true,"href":"https:\/\/axis-india.com\/es\/wp-json\/wp\/v2\/product_tag?post=50372"}],"curies":[{"name":"wp","href":"https:\/\/api.w.org\/{rel}","templated":true}]}}