{"id":50367,"date":"2022-10-13T14:25:41","date_gmt":"2022-10-13T08:55:41","guid":{"rendered":"https:\/\/axis-india.com\/es\/?post_type=product&#038;p=50367"},"modified":"2023-07-25T15:56:49","modified_gmt":"2023-07-25T10:26:49","slug":"abrazaderas-de-servicio","status":"publish","type":"product","link":"https:\/\/axis-india.com\/es\/product\/abrazaderas-de-servicio\/","title":{"rendered":"Abrazaderas de servicio"},"content":{"rendered":"<p>Las abrazaderas de servicio Axis para el sistema de auto-soporte (SAS) consisten en placas de sujeci\u00f3n y cu\u00f1as montadas con un perno. Este producto se utiliza junto con una variedad de pernos en forma de gancho y se utiliza principalmente para tensar el conductor de servicio aislado de un sistema LV-ABC sin da\u00f1ar el aislamiento del cable. La aplicaci\u00f3n principal de las abrazaderas de servicio Axis es llevar las conexiones de servicio a hogares o alumbrado p\u00fablico. Las abrazaderas se pueden utilizar para anclar 2 o 4 cables de servicio.<\/p>\n<div class=\"row\">\n<div class=\"col-6\">\n<h4>Materiales:<\/h4>\n<ul>\n<li>Placas de sujeci\u00f3n: Placas de sujeci\u00f3n galvanizadas por inmersi\u00f3n en caliente.<\/li>\n<li>Cu\u00f1as: Pl\u00e1stico de ingenier\u00eda resistente a los rayos UV y a las condiciones clim\u00e1ticas.<\/li>\n<li>Perno: Acero galvanizado.<\/li>\n<\/ul>\n<\/div>\n<div class=\"col-6\">\n<h4>Caracter\u00edsticas y beneficios:<\/h4>\n<ul>\n<li>Soporta la carga del tama\u00f1o del cable acomodado, ref. BSEN 50483.<\/li>\n<li>Acepta una variedad de tama\u00f1os de cable y no tiene piezas que se puedan perder, lo que simplifica la gesti\u00f3n del inventario.<\/li>\n<li>Resiste condiciones extremas, lo que conduce a una larga vida \u00fatil, seguridad, bajo mantenimiento y menor costo durante toda la vida \u00fatil.<\/li>\n<\/ul>\n<\/div>\n<\/div>\n","protected":false},"excerpt":{"rendered":"<p>Las abrazaderas de servicio Axis para el sistema de auto-soporte (SAS) consisten en placas de sujeci\u00f3n y cu\u00f1as montadas con un perno. Este producto se utiliza junto con una variedad de pernos en forma de gancho y se utiliza principalmente para tensar el conductor de servicio aislado de un sistema LV-ABC sin da\u00f1ar el aislamiento del cable. La aplicaci\u00f3n principal de las abrazaderas de servicio Axis es llevar las conexiones de servicio a hogares o alumbrado p\u00fablico. Las abrazaderas se pueden utilizar para anclar 2 o 4 cables de servicio. Materiales: Placas de sujeci\u00f3n: Placas de sujeci\u00f3n galvanizadas por inmersi\u00f3n en caliente. Cu\u00f1as: Pl\u00e1stico de ingenier\u00eda resistente a los rayos UV y a las condiciones clim\u00e1ticas. Perno: Acero galvanizado. Caracter\u00edsticas y beneficios: Soporta la carga del tama\u00f1o del cable acomodado, ref. BSEN 50483. Acepta una variedad de tama\u00f1os de cable y no tiene piezas que se puedan perder, lo que simplifica la gesti\u00f3n del inventario. Resiste condiciones extremas, lo que conduce a una larga vida \u00fatil, seguridad, bajo mantenimiento y menor costo durante toda la vida \u00fatil.<\/p>\n","protected":false},"featured_media":50368,"comment_status":"closed","ping_status":"closed","template":"","meta":{"inline_featured_image":false},"product_brand":[],"product_cat":[455,456],"product_tag":[1289,1297,1292],"class_list":{"0":"post-50367","1":"product","2":"type-product","3":"status-publish","4":"has-post-thumbnail","6":"product_cat-ab-cable-accessories","7":"product_cat-accesorios-cables-aluminio","8":"product_tag-ab-cable","9":"product_tag-self-supporting-2-4-core-system","10":"product_tag-service-clamps","12":"first","13":"instock","14":"shipping-taxable","15":"purchasable","16":"product-type-variable"},"acf":[],"_links":{"self":[{"href":"https:\/\/axis-india.com\/es\/wp-json\/wp\/v2\/product\/50367","targetHints":{"allow":["GET"]}}],"collection":[{"href":"https:\/\/axis-india.com\/es\/wp-json\/wp\/v2\/product"}],"about":[{"href":"https:\/\/axis-india.com\/es\/wp-json\/wp\/v2\/types\/product"}],"replies":[{"embeddable":true,"href":"https:\/\/axis-india.com\/es\/wp-json\/wp\/v2\/comments?post=50367"}],"wp:featuredmedia":[{"embeddable":true,"href":"https:\/\/axis-india.com\/es\/wp-json\/wp\/v2\/media\/50368"}],"wp:attachment":[{"href":"https:\/\/axis-india.com\/es\/wp-json\/wp\/v2\/media?parent=50367"}],"wp:term":[{"taxonomy":"product_brand","embeddable":true,"href":"https:\/\/axis-india.com\/es\/wp-json\/wp\/v2\/product_brand?post=50367"},{"taxonomy":"product_cat","embeddable":true,"href":"https:\/\/axis-india.com\/es\/wp-json\/wp\/v2\/product_cat?post=50367"},{"taxonomy":"product_tag","embeddable":true,"href":"https:\/\/axis-india.com\/es\/wp-json\/wp\/v2\/product_tag?post=50367"}],"curies":[{"name":"wp","href":"https:\/\/api.w.org\/{rel}","templated":true}]}}