{"id":50364,"date":"2022-10-13T14:25:39","date_gmt":"2022-10-13T08:55:39","guid":{"rendered":"https:\/\/axis-india.com\/es\/?post_type=product&#038;p=50364"},"modified":"2023-07-28T16:29:19","modified_gmt":"2023-07-28T10:59:19","slug":"grampas-de-suspension-para-sistema-autosoportado-scs","status":"publish","type":"product","link":"https:\/\/axis-india.com\/es\/product\/grampas-de-suspension-para-sistema-autosoportado-scs\/","title":{"rendered":"Grampas de Suspensi\u00f3n para Sistema Autosoportado (SCS)"},"content":{"rendered":"<p>Las Grampas de Suspensi\u00f3n de Eje para Sistema Autosoportado (SCS) est\u00e1n dise\u00f1adas para suspender y sujetar el conjunto aislado de un sistema LV-ABC mediante apriete a trav\u00e9s de un conjunto de perno y tuerca de mariposa sin necesidad de utilizar herramientas adicionales. El producto se puede utilizar junto con varios tipos de pernos de gancho.<\/p>\n<div class=\"row\">\n<div class=\"col-6\">\n<h4>Materiales:<\/h4>\n<ul>\n<li>Cuerpo: Acero galvanizado por inmersi\u00f3n en caliente.<\/li>\n<li>Inserto: Elast\u00f3mero resistente a los rayos UV y a las condiciones clim\u00e1ticas.<\/li>\n<li>Pernos: Acero galvanizado.<\/li>\n<\/ul>\n<\/div>\n<div class=\"col-6\">\n<h4>Caracter\u00edsticas y Beneficios:<\/h4>\n<ul>\n<li>Soporta la carga del tama\u00f1o del cable acomodado, seg\u00fan BSEN 50483.<\/li>\n<li>Acepta una variedad de tama\u00f1os de cable y no tiene piezas que se puedan perder, lo que simplifica la gesti\u00f3n del inventario.<\/li>\n<li>Se puede utilizar para instalaci\u00f3n en l\u00ednea recta o para \u00e1ngulos de desviaci\u00f3n de hasta 30\u00b0, lo que permite girar f\u00e1cilmente en \u00e1reas congestionadas.<\/li>\n<li>Se pueden lograr \u00e1ngulos de desviaci\u00f3n de hasta 60\u00b0 utilizando la placa de yugo y dos grampas de suspensi\u00f3n, lo que permite girar f\u00e1cilmente en \u00e1reas congestionadas.<\/li>\n<li>Resiste condiciones extremas que prolongan su vida \u00fatil, proporcionando seguridad, bajo mantenimiento y costos reducidos a lo largo de su vida \u00fatil.<\/li>\n<\/ul>\n<\/div>\n<\/div>\n","protected":false},"excerpt":{"rendered":"<p>Las Grampas de Suspensi\u00f3n de Eje para Sistema Autosoportado (SCS) est\u00e1n dise\u00f1adas para suspender y sujetar el conjunto aislado de un sistema LV-ABC mediante apriete a trav\u00e9s de un conjunto de perno y tuerca de mariposa sin necesidad de utilizar herramientas adicionales. El producto se puede utilizar junto con varios tipos de pernos de gancho. Materiales: Cuerpo: Acero galvanizado por inmersi\u00f3n en caliente. Inserto: Elast\u00f3mero resistente a los rayos UV y a las condiciones clim\u00e1ticas. Pernos: Acero galvanizado. Caracter\u00edsticas y Beneficios: Soporta la carga del tama\u00f1o del cable acomodado, seg\u00fan BSEN 50483. Acepta una variedad de tama\u00f1os de cable y no tiene piezas que se puedan perder, lo que simplifica la gesti\u00f3n del inventario. Se puede utilizar para instalaci\u00f3n en l\u00ednea recta o para \u00e1ngulos de desviaci\u00f3n de hasta 30\u00b0, lo que permite girar f\u00e1cilmente en \u00e1reas congestionadas. Se pueden lograr \u00e1ngulos de desviaci\u00f3n de hasta 60\u00b0 utilizando la placa de yugo y dos grampas de suspensi\u00f3n, lo que permite girar f\u00e1cilmente en \u00e1reas congestionadas. Resiste condiciones extremas que prolongan su vida \u00fatil, proporcionando seguridad, bajo mantenimiento y costos reducidos a lo largo de su vida \u00fatil.<\/p>\n","protected":false},"featured_media":96999,"comment_status":"closed","ping_status":"closed","template":"","meta":{"inline_featured_image":false},"product_brand":[],"product_cat":[455,456],"product_tag":[],"class_list":{"0":"post-50364","1":"product","2":"type-product","3":"status-publish","4":"has-post-thumbnail","6":"product_cat-ab-cable-accessories","7":"product_cat-accesorios-cables-aluminio","9":"first","10":"instock","11":"shipping-taxable","12":"purchasable","13":"product-type-variable"},"acf":[],"_links":{"self":[{"href":"https:\/\/axis-india.com\/es\/wp-json\/wp\/v2\/product\/50364","targetHints":{"allow":["GET"]}}],"collection":[{"href":"https:\/\/axis-india.com\/es\/wp-json\/wp\/v2\/product"}],"about":[{"href":"https:\/\/axis-india.com\/es\/wp-json\/wp\/v2\/types\/product"}],"replies":[{"embeddable":true,"href":"https:\/\/axis-india.com\/es\/wp-json\/wp\/v2\/comments?post=50364"}],"wp:featuredmedia":[{"embeddable":true,"href":"https:\/\/axis-india.com\/es\/wp-json\/wp\/v2\/media\/96999"}],"wp:attachment":[{"href":"https:\/\/axis-india.com\/es\/wp-json\/wp\/v2\/media?parent=50364"}],"wp:term":[{"taxonomy":"product_brand","embeddable":true,"href":"https:\/\/axis-india.com\/es\/wp-json\/wp\/v2\/product_brand?post=50364"},{"taxonomy":"product_cat","embeddable":true,"href":"https:\/\/axis-india.com\/es\/wp-json\/wp\/v2\/product_cat?post=50364"},{"taxonomy":"product_tag","embeddable":true,"href":"https:\/\/axis-india.com\/es\/wp-json\/wp\/v2\/product_tag?post=50364"}],"curies":[{"name":"wp","href":"https:\/\/api.w.org\/{rel}","templated":true}]}}