{"id":50352,"date":"2022-10-13T14:25:33","date_gmt":"2022-10-13T08:55:33","guid":{"rendered":"https:\/\/axis-india.com\/es\/?post_type=product&#038;p=50352"},"modified":"2023-07-28T15:34:52","modified_gmt":"2023-07-28T10:04:52","slug":"service-clamps","status":"publish","type":"product","link":"https:\/\/axis-india.com\/es\/product\/service-clamps\/","title":{"rendered":"Grampas de Servicio"},"content":{"rendered":"<p>Las Grampas de Servicio de Axis para Sistema de Mensajero Neutral Aislado (SAM) se utilizan junto con un soporte u otro hardware de soporte, y se utilizan para tensar el conductor de servicio aislado de un sistema LV-ABC sin da\u00f1ar el aislamiento del cable. La principal aplicaci\u00f3n de las Grampas de Servicio de Axis es para llevar conexiones de servicio a hogares o alumbrado p\u00fablico. Las grampas se pueden usar para anclar 1, 2 o 4 cables de servicio.<\/p>\n<div class=\"row\">\n<div class=\"col-6\">\n<h4>Materiales:<\/h4>\n<ul>\n<li>Cuerpo y Cu\u00f1as: Pl\u00e1stico de ingenier\u00eda resistente a los UV y de alta resistencia.<\/li>\n<li>Resorte: Acero inoxidable.<\/li>\n<\/ul>\n<\/div>\n<div class=\"col-6\">\n<h4>Caracter\u00edsticas y Beneficios:<\/h4>\n<ul>\n<li>Supera los requisitos de NF C 33-042 y otros est\u00e1ndares internacionales.<\/li>\n<li>Resiste condiciones extremas que conducen a una larga vida \u00fatil, seguridad, bajo mantenimiento y reducci\u00f3n del costo de vida \u00fatil.<\/li>\n<li>Los pl\u00e1sticos de ingenier\u00eda proporcionan aislamiento adicional, resistencia y permiten trabajar en l\u00ednea viva sin herramientas adicionales.<\/li>\n<li>Dos grampas con un soporte utilizado para ensamblaje de gran \u00e1ngulo que permite un f\u00e1cil giro en \u00e1reas congestionadas.<\/li>\n<li>Grampa de dise\u00f1o cautivo con un soporte utilizado para tensar, reduce el tiempo de instalaci\u00f3n y el costo.<\/li>\n<\/ul>\n<\/div>\n<\/div>\n","protected":false},"excerpt":{"rendered":"<p>Las Grampas de Servicio de Axis para Sistema de Mensajero Neutral Aislado (SAM) se utilizan junto con un soporte u otro hardware de soporte, y se utilizan para tensar el conductor de servicio aislado de un sistema LV-ABC sin da\u00f1ar el aislamiento del cable. La principal aplicaci\u00f3n de las Grampas de Servicio de Axis es para llevar conexiones de servicio a hogares o alumbrado p\u00fablico. Las grampas se pueden usar para anclar 1, 2 o 4 cables de servicio. Materiales: Cuerpo y Cu\u00f1as: Pl\u00e1stico de ingenier\u00eda resistente a los UV y de alta resistencia. Resorte: Acero inoxidable. Caracter\u00edsticas y Beneficios: Supera los requisitos de NF C 33-042 y otros est\u00e1ndares internacionales. Resiste condiciones extremas que conducen a una larga vida \u00fatil, seguridad, bajo mantenimiento y reducci\u00f3n del costo de vida \u00fatil. Los pl\u00e1sticos de ingenier\u00eda proporcionan aislamiento adicional, resistencia y permiten trabajar en l\u00ednea viva sin herramientas adicionales. Dos grampas con un soporte utilizado para ensamblaje de gran \u00e1ngulo que permite un f\u00e1cil giro en \u00e1reas congestionadas. Grampa de dise\u00f1o cautivo con un soporte utilizado para tensar, reduce el tiempo de instalaci\u00f3n y el costo.<\/p>\n","protected":false},"featured_media":50353,"comment_status":"closed","ping_status":"closed","template":"","meta":{"inline_featured_image":false},"product_brand":[],"product_cat":[455,456],"product_tag":[1289,1292,1291],"class_list":{"0":"post-50352","1":"product","2":"type-product","3":"status-publish","4":"has-post-thumbnail","6":"product_cat-ab-cable-accessories","7":"product_cat-accesorios-cables-aluminio","8":"product_tag-ab-cable","9":"product_tag-service-clamps","10":"product_tag-service-clamps-for-insulated-messenger-system","12":"first","13":"instock","14":"shipping-taxable","15":"purchasable","16":"product-type-variable"},"acf":[],"_links":{"self":[{"href":"https:\/\/axis-india.com\/es\/wp-json\/wp\/v2\/product\/50352","targetHints":{"allow":["GET"]}}],"collection":[{"href":"https:\/\/axis-india.com\/es\/wp-json\/wp\/v2\/product"}],"about":[{"href":"https:\/\/axis-india.com\/es\/wp-json\/wp\/v2\/types\/product"}],"replies":[{"embeddable":true,"href":"https:\/\/axis-india.com\/es\/wp-json\/wp\/v2\/comments?post=50352"}],"wp:featuredmedia":[{"embeddable":true,"href":"https:\/\/axis-india.com\/es\/wp-json\/wp\/v2\/media\/50353"}],"wp:attachment":[{"href":"https:\/\/axis-india.com\/es\/wp-json\/wp\/v2\/media?parent=50352"}],"wp:term":[{"taxonomy":"product_brand","embeddable":true,"href":"https:\/\/axis-india.com\/es\/wp-json\/wp\/v2\/product_brand?post=50352"},{"taxonomy":"product_cat","embeddable":true,"href":"https:\/\/axis-india.com\/es\/wp-json\/wp\/v2\/product_cat?post=50352"},{"taxonomy":"product_tag","embeddable":true,"href":"https:\/\/axis-india.com\/es\/wp-json\/wp\/v2\/product_tag?post=50352"}],"curies":[{"name":"wp","href":"https:\/\/api.w.org\/{rel}","templated":true}]}}