{"id":50343,"date":"2022-10-13T14:25:25","date_gmt":"2022-10-13T08:55:25","guid":{"rendered":"https:\/\/axis-india.com\/es\/?post_type=product&#038;p=50343"},"modified":"2023-07-28T15:10:07","modified_gmt":"2023-07-28T09:40:07","slug":"suspension-clamps","status":"publish","type":"product","link":"https:\/\/axis-india.com\/es\/product\/suspension-clamps\/","title":{"rendered":"Grampas De Suspen"},"content":{"rendered":"<p>Las Grampas De Suspen de Axis para el Sistema de Mensajero Neutral Aislado (SCI) se utilizan junto con un soporte u otro hardware de soporte para suspender y agarrar, sin da\u00f1ar, el mensajero neutral aislado de un sistema LV-ABC mediante un bloqueo ajustable que acomoda una gama de tama\u00f1os de cable. La abrazadera y el soporte est\u00e1n disponibles ensamblados de f\u00e1brica o por separado.<\/p>\n<div class=\"row\">\n<div class=\"col-6\">\n<h4>Materiales:<\/h4>\n<ul>\n<li>Cuerpo, Enlace M\u00f3vil y Bloqueo: Pl\u00e1stico de ingenier\u00eda resistente a los UV y a la intemperie, de alta resistencia.<\/li>\n<\/ul>\n<\/div>\n<div class=\"col-6\">\n<h4>Caracter\u00edsticas y Beneficios de las Grampas De Suspen de Axis:<\/h4>\n<ul>\n<li>Excede los requisitos de NF C 33-040 y otros est\u00e1ndares internacionales.<\/li>\n<li>Resiste condiciones extremas, lo que conduce a una larga vida \u00fatil, seguridad, bajo mantenimiento y reducci\u00f3n del costo de por vida.<\/li>\n<li>Los pl\u00e1sticos de ingenier\u00eda utilizados proporcionan aislamiento adicional, resistencia y permiten trabajar en l\u00ednea viva sin herramientas adicionales.<\/li>\n<li>El dise\u00f1o facilita los movimientos longitudinales y transversales, permitiendo un f\u00e1cil giro en \u00e1reas congestionadas.<\/li>\n<\/ul>\n<\/div>\n<\/div>\n","protected":false},"excerpt":{"rendered":"<p>Las Grampas De Suspen de Axis para el Sistema de Mensajero Neutral Aislado (SCI) se utilizan junto con un soporte u otro hardware de soporte para suspender y agarrar, sin da\u00f1ar, el mensajero neutral aislado de un sistema LV-ABC mediante un bloqueo ajustable que acomoda una gama de tama\u00f1os de cable. La abrazadera y el soporte est\u00e1n disponibles ensamblados de f\u00e1brica o por separado. Materiales: Cuerpo, Enlace M\u00f3vil y Bloqueo: Pl\u00e1stico de ingenier\u00eda resistente a los UV y a la intemperie, de alta resistencia. Caracter\u00edsticas y Beneficios de las Grampas De Suspen de Axis: Excede los requisitos de NF C 33-040 y otros est\u00e1ndares internacionales. Resiste condiciones extremas, lo que conduce a una larga vida \u00fatil, seguridad, bajo mantenimiento y reducci\u00f3n del costo de por vida. Los pl\u00e1sticos de ingenier\u00eda utilizados proporcionan aislamiento adicional, resistencia y permiten trabajar en l\u00ednea viva sin herramientas adicionales. El dise\u00f1o facilita los movimientos longitudinales y transversales, permitiendo un f\u00e1cil giro en \u00e1reas congestionadas.<\/p>\n","protected":false},"featured_media":50344,"comment_status":"closed","ping_status":"closed","template":"","meta":{"inline_featured_image":false},"product_brand":[],"product_cat":[455,456],"product_tag":[1294,1295,1293],"class_list":{"0":"post-50343","1":"product","2":"type-product","3":"status-publish","4":"has-post-thumbnail","6":"product_cat-ab-cable-accessories","7":"product_cat-accesorios-cables-aluminio","8":"product_tag-clamps-ab-cable","9":"product_tag-insulated-messenger-system","10":"product_tag-suspension-clamps","12":"first","13":"instock","14":"shipping-taxable","15":"purchasable","16":"product-type-variable"},"acf":[],"_links":{"self":[{"href":"https:\/\/axis-india.com\/es\/wp-json\/wp\/v2\/product\/50343","targetHints":{"allow":["GET"]}}],"collection":[{"href":"https:\/\/axis-india.com\/es\/wp-json\/wp\/v2\/product"}],"about":[{"href":"https:\/\/axis-india.com\/es\/wp-json\/wp\/v2\/types\/product"}],"replies":[{"embeddable":true,"href":"https:\/\/axis-india.com\/es\/wp-json\/wp\/v2\/comments?post=50343"}],"wp:featuredmedia":[{"embeddable":true,"href":"https:\/\/axis-india.com\/es\/wp-json\/wp\/v2\/media\/50344"}],"wp:attachment":[{"href":"https:\/\/axis-india.com\/es\/wp-json\/wp\/v2\/media?parent=50343"}],"wp:term":[{"taxonomy":"product_brand","embeddable":true,"href":"https:\/\/axis-india.com\/es\/wp-json\/wp\/v2\/product_brand?post=50343"},{"taxonomy":"product_cat","embeddable":true,"href":"https:\/\/axis-india.com\/es\/wp-json\/wp\/v2\/product_cat?post=50343"},{"taxonomy":"product_tag","embeddable":true,"href":"https:\/\/axis-india.com\/es\/wp-json\/wp\/v2\/product_tag?post=50343"}],"curies":[{"name":"wp","href":"https:\/\/api.w.org\/{rel}","templated":true}]}}