{"id":47312,"date":"2022-10-19T12:05:50","date_gmt":"2022-10-19T06:35:50","guid":{"rendered":"https:\/\/axis-india.com\/es\/?post_type=product&#038;p=47312"},"modified":"2023-08-26T17:58:36","modified_gmt":"2023-08-26T12:28:36","slug":"placa-de-tierra-consolidada-de-cobre","status":"publish","type":"product","link":"https:\/\/axis-india.com\/es\/product\/placa-de-tierra-consolidada-de-cobre\/","title":{"rendered":"Placa de Tierra Consolidada de Cobre"},"content":{"rendered":"<ul>Placas de Tierra Unidas a Cobre<\/p>\n<li>Las placas de cobre s\u00f3lido proporcionan una soluci\u00f3n de conexi\u00f3n a tierra duradera en lugares donde podr\u00eda ser impr\u00e1ctico instalar varillas de tierra.<\/li>\n<li>Las placas de tierra est\u00e1n hechas de l\u00e1mina de cobre s\u00f3lido de grado electrol\u00edtico<br \/>\n(Tambi\u00e9n bajo pedido, hechas de l\u00e1mina de acero con uni\u00f3n de cobre).<\/li>\n<\/ul>\n","protected":false},"excerpt":{"rendered":"<p>Placas de Tierra Unidas a Cobre Las placas de cobre s\u00f3lido proporcionan una soluci\u00f3n de conexi\u00f3n a tierra duradera en lugares donde podr\u00eda ser impr\u00e1ctico instalar varillas de tierra. Las placas de tierra est\u00e1n hechas de l\u00e1mina de cobre s\u00f3lido de grado electrol\u00edtico (Tambi\u00e9n bajo pedido, hechas de l\u00e1mina de acero con uni\u00f3n de cobre).<\/p>\n","protected":false},"featured_media":98785,"comment_status":"closed","ping_status":"closed","template":"","meta":{"inline_featured_image":false},"product_brand":[],"product_cat":[558,738],"product_tag":[],"class_list":{"0":"post-47312","1":"product","2":"type-product","3":"status-publish","4":"has-post-thumbnail","6":"product_cat-earthing","7":"product_cat-earth-plates","9":"first","10":"instock","11":"shipping-taxable","12":"purchasable","13":"product-type-variable"},"acf":[],"_links":{"self":[{"href":"https:\/\/axis-india.com\/es\/wp-json\/wp\/v2\/product\/47312","targetHints":{"allow":["GET"]}}],"collection":[{"href":"https:\/\/axis-india.com\/es\/wp-json\/wp\/v2\/product"}],"about":[{"href":"https:\/\/axis-india.com\/es\/wp-json\/wp\/v2\/types\/product"}],"replies":[{"embeddable":true,"href":"https:\/\/axis-india.com\/es\/wp-json\/wp\/v2\/comments?post=47312"}],"wp:featuredmedia":[{"embeddable":true,"href":"https:\/\/axis-india.com\/es\/wp-json\/wp\/v2\/media\/98785"}],"wp:attachment":[{"href":"https:\/\/axis-india.com\/es\/wp-json\/wp\/v2\/media?parent=47312"}],"wp:term":[{"taxonomy":"product_brand","embeddable":true,"href":"https:\/\/axis-india.com\/es\/wp-json\/wp\/v2\/product_brand?post=47312"},{"taxonomy":"product_cat","embeddable":true,"href":"https:\/\/axis-india.com\/es\/wp-json\/wp\/v2\/product_cat?post=47312"},{"taxonomy":"product_tag","embeddable":true,"href":"https:\/\/axis-india.com\/es\/wp-json\/wp\/v2\/product_tag?post=47312"}],"curies":[{"name":"wp","href":"https:\/\/api.w.org\/{rel}","templated":true}]}}