{"id":45921,"date":"2022-10-19T12:05:13","date_gmt":"2022-10-19T06:35:13","guid":{"rendered":"https:\/\/axis-india.com\/es\/?post_type=product&#038;p=45921"},"modified":"2023-08-18T14:28:50","modified_gmt":"2023-08-18T08:58:50","slug":"varillas-de-tierra-de-cobre-puro-roscadas","status":"publish","type":"product","link":"https:\/\/axis-india.com\/es\/product\/varillas-de-tierra-de-cobre-puro-roscadas\/","title":{"rendered":"Varillas de Tierra de Cobre Puro (Roscadas)"},"content":{"rendered":"<p>Las Varillas de Tierra de Cobre Puro AXIS est\u00e1n hechas de cobre de alta conductividad extra\u00eddo en fr\u00edo.<\/p>\n<p>Son ideales para condiciones de suelo que son muy corrosivas, como suelos con alto contenido de sal y humedad. Estas varillas tambi\u00e9n est\u00e1n disponibles con recubrimiento de esta\u00f1o para reducir el riesgo de oxidaci\u00f3n y, por lo tanto, aumentar la vida \u00fatil. Las roscas en las varillas normalmente se forman mediante un proceso de roscado por laminaci\u00f3n, proporcionando resistencia a las roscas y eliminando el riesgo de astillado de las roscas al introducir la varilla en el suelo.<\/p>\n<p>Estas varillas se prueban de acuerdo con la norma UL 467 y la norma IEC 62561-2.<\/p>\n<p>Nota:<br \/>\n1. El acoplador se puede proporcionar por separado a petici\u00f3n.<br \/>\n2. Se pueden proporcionar diferentes longitudes a petici\u00f3n.<\/p>\n","protected":false},"excerpt":{"rendered":"<p>Las Varillas de Tierra de Cobre Puro AXIS est\u00e1n hechas de cobre de alta conductividad extra\u00eddo en fr\u00edo. Son ideales para condiciones de suelo que son muy corrosivas, como suelos con alto contenido de sal y humedad. Estas varillas tambi\u00e9n est\u00e1n disponibles con recubrimiento de esta\u00f1o para reducir el riesgo de oxidaci\u00f3n y, por lo tanto, aumentar la vida \u00fatil. Las roscas en las varillas normalmente se forman mediante un proceso de roscado por laminaci\u00f3n, proporcionando resistencia a las roscas y eliminando el riesgo de astillado de las roscas al introducir la varilla en el suelo. Estas varillas se prueban de acuerdo con la norma UL 467 y la norma IEC 62561-2. Nota: 1. El acoplador se puede proporcionar por separado a petici\u00f3n. 2. Se pueden proporcionar diferentes longitudes a petici\u00f3n.<\/p>\n","protected":false},"featured_media":111932,"comment_status":"closed","ping_status":"closed","template":"","meta":{"inline_featured_image":false},"product_brand":[],"product_cat":[560,558],"product_tag":[],"class_list":{"0":"post-45921","1":"product","2":"type-product","3":"status-publish","4":"has-post-thumbnail","6":"product_cat-earth-rods","7":"product_cat-earthing","9":"first","10":"instock","11":"shipping-taxable","12":"purchasable","13":"product-type-variable"},"acf":[],"_links":{"self":[{"href":"https:\/\/axis-india.com\/es\/wp-json\/wp\/v2\/product\/45921","targetHints":{"allow":["GET"]}}],"collection":[{"href":"https:\/\/axis-india.com\/es\/wp-json\/wp\/v2\/product"}],"about":[{"href":"https:\/\/axis-india.com\/es\/wp-json\/wp\/v2\/types\/product"}],"replies":[{"embeddable":true,"href":"https:\/\/axis-india.com\/es\/wp-json\/wp\/v2\/comments?post=45921"}],"wp:featuredmedia":[{"embeddable":true,"href":"https:\/\/axis-india.com\/es\/wp-json\/wp\/v2\/media\/111932"}],"wp:attachment":[{"href":"https:\/\/axis-india.com\/es\/wp-json\/wp\/v2\/media?parent=45921"}],"wp:term":[{"taxonomy":"product_brand","embeddable":true,"href":"https:\/\/axis-india.com\/es\/wp-json\/wp\/v2\/product_brand?post=45921"},{"taxonomy":"product_cat","embeddable":true,"href":"https:\/\/axis-india.com\/es\/wp-json\/wp\/v2\/product_cat?post=45921"},{"taxonomy":"product_tag","embeddable":true,"href":"https:\/\/axis-india.com\/es\/wp-json\/wp\/v2\/product_tag?post=45921"}],"curies":[{"name":"wp","href":"https:\/\/api.w.org\/{rel}","templated":true}]}}