{"id":31241,"date":"2022-11-15T18:48:55","date_gmt":"2022-11-15T13:18:55","guid":{"rendered":"https:\/\/axis-india.com\/es\/?post_type=product&#038;p=31241"},"modified":"2023-09-14T17:24:23","modified_gmt":"2023-09-14T11:54:23","slug":"pvc-arquetas-de-registro-de-toma-de-tierra","status":"publish","type":"product","link":"https:\/\/axis-india.com\/es\/product\/pvc-arquetas-de-registro-de-toma-de-tierra\/","title":{"rendered":"PVC Arquetas De Registro De Toma De Tierra"},"content":{"rendered":"<p>Utilice PVC Arquetas De Registro De Toma De Tierra para una soluci\u00f3n innovadora y eficiente en sistemas de puesta a tierra. Este robusto pero liviano puesto est\u00e1 hecho de polipropileno de alta calidad, lo que garantiza resistencia y durabilidad. Dise\u00f1ado para resistir cargas medianas y prevenir degradaci\u00f3n por factores clim\u00e1ticos y solares.<\/p>\n<p>Esta arqueta de toma de tierra de Axis es de polipropileno de alta calidad, capaz de absorber una carga media. Est\u00e1 estabilizado para resistir degradaci\u00f3n por la luz solar y temperaturas bajas. Su ligereza facilita el manejo, almacenamiento y transporte, lo cual incrementa la eficiencia en la instalaci\u00f3n. Adem\u00e1s, su dise\u00f1o permite ampliar el \u00e1rea de terminaci\u00f3n en un 100%, al conectar dos unidades, permitiendo conexiones de electrodos m\u00e1s profundas y minimizando efectos negativos de gradientes de voltaje.<\/p>\n<h3>Opciones Vers\u00e1tiles<\/h3>\n<p>Las Pvc Arquetas De Registro De Toma De Tierra est\u00e1n disponibles en tres especificaciones distintas para adaptarse a diferentes necesidades de proyectos.<\/p>\n<p><strong>Especificaci\u00f3n de Producto: 245X245<\/strong><br \/>\nDimensiones: Externo: 245 mm (L) x 245 mm (A) x 195 mm (H)<br \/>\nInterno: 160 mm (L) x 160 mm (A) x 165 mm (H)<br \/>\nPeso: 1 kg<\/p>\n<p><strong>Especificaci\u00f3n de Producto: 300X300<\/strong><br \/>\nDimensiones: Externo: 308 mm (L) x 308 mm (A) x 215 mm (H)<br \/>\nInterno: 200 mm (L) x 200 mm (A) x 150 mm (H)<br \/>\nPeso: 2.5 kg<\/p>\n<p><strong>Especificaci\u00f3n de Producto: 500X500<\/strong><br \/>\nDimensiones: Externo: 500 mm (L) x 500 mm (A) x 315 mm (H)<br \/>\nInterno: 400 mm (L) x 400 mm (A) x 280 mm (H)<br \/>\nPeso: 5 kg<\/p>\n<h3>Estabilidad y Durabilidad<\/h3>\n<p>Estas arquetas est\u00e1n dise\u00f1adas para resistir da\u00f1os clim\u00e1ticos y solares, asegurando su durabilidad. El material no es fr\u00e1gil, garantizando su estabilidad y resistencia a la degradaci\u00f3n.<\/p>\n<h3>Instalaci\u00f3n Eficiente<\/h3>\n<p>Su dise\u00f1o ligero facilita el manejo, almacenamiento y transporte, lo que reduce tanto el tiempo como los costos laborales, ofreciendo as\u00ed una soluci\u00f3n econ\u00f3mica para su proyecto.<\/p>\n<h3>\u00c1rea de Terminaci\u00f3n Expandida<\/h3>\n<p>El dise\u00f1o innovador de estas arquetas permite un aumento del 100% en el \u00e1rea de terminaci\u00f3n, al unir dos unidades. Esto permite conexiones de electrodos m\u00e1s profundas, minimizando los efectos negativos de los gradientes de voltaje.<\/p>\n<div class=\"group w-full text-gray-800 dark:text-gray-100 border-b border-black\/10 dark:border-gray-900\/50 bg-gray-50 dark:bg-[#444654]\">\n<div class=\"text-base gap-4 md:gap-6 md:max-w-2xl lg:max-w-xl xl:max-w-3xl p-4 md:py-6 flex lg:px-0 m-auto\"><\/div>\n<\/div>\n","protected":false},"excerpt":{"rendered":"<p>El pozo de tierra de pol\u00edmero de Axis est\u00e1 fabricado de polipropileno de alta calidad para alta resistencia y niveles de estr\u00e9s para absorber una carga media. Est\u00e1 estabilizado contra la degradaci\u00f3n por ser no quebradizo y resistente a la luz solar para prevenir da\u00f1os por bajas temperaturas.<\/p>\n","protected":false},"featured_media":110827,"comment_status":"closed","ping_status":"closed","template":"","meta":{"inline_featured_image":false},"product_brand":[],"product_cat":[1128,558],"product_tag":[],"class_list":{"0":"post-31241","1":"product","2":"type-product","3":"status-publish","4":"has-post-thumbnail","6":"product_cat-arquetas-de-registro-de-toma-de-tierra","7":"product_cat-earthing","9":"first","10":"instock","11":"shipping-taxable","12":"purchasable","13":"product-type-variable"},"acf":[],"_links":{"self":[{"href":"https:\/\/axis-india.com\/es\/wp-json\/wp\/v2\/product\/31241","targetHints":{"allow":["GET"]}}],"collection":[{"href":"https:\/\/axis-india.com\/es\/wp-json\/wp\/v2\/product"}],"about":[{"href":"https:\/\/axis-india.com\/es\/wp-json\/wp\/v2\/types\/product"}],"replies":[{"embeddable":true,"href":"https:\/\/axis-india.com\/es\/wp-json\/wp\/v2\/comments?post=31241"}],"wp:featuredmedia":[{"embeddable":true,"href":"https:\/\/axis-india.com\/es\/wp-json\/wp\/v2\/media\/110827"}],"wp:attachment":[{"href":"https:\/\/axis-india.com\/es\/wp-json\/wp\/v2\/media?parent=31241"}],"wp:term":[{"taxonomy":"product_brand","embeddable":true,"href":"https:\/\/axis-india.com\/es\/wp-json\/wp\/v2\/product_brand?post=31241"},{"taxonomy":"product_cat","embeddable":true,"href":"https:\/\/axis-india.com\/es\/wp-json\/wp\/v2\/product_cat?post=31241"},{"taxonomy":"product_tag","embeddable":true,"href":"https:\/\/axis-india.com\/es\/wp-json\/wp\/v2\/product_tag?post=31241"}],"curies":[{"name":"wp","href":"https:\/\/api.w.org\/{rel}","templated":true}]}}