{"id":26542,"date":"2022-10-19T12:05:02","date_gmt":"2022-10-19T06:35:02","guid":{"rendered":"https:\/\/axis-india.com\/es\/?post_type=product&#038;p=26542"},"modified":"2023-08-18T12:42:36","modified_gmt":"2023-08-18T07:12:36","slug":"varillas-de-tierra-con-cobre-sin-rosca","status":"publish","type":"product","link":"https:\/\/axis-india.com\/es\/product\/varillas-de-tierra-con-cobre-sin-rosca\/","title":{"rendered":"Varillas de Tierra con Cobre (Sin Rosca)"},"content":{"rendered":"<p>Las Varillas de Tierra\u00a0 con Cobre de AXIS tienen un n\u00facleo de acero de bajo carbono de alta resistencia, con cada varilla hecha por uni\u00f3n molecular de Cobre Electrol\u00edtico Puro al 99.9%.<\/p>\n<p>Estas varillas son probadas de acuerdo con la norma UL 467 y IEC 62561-2.<\/p>\n<p>Nota:<br \/>\n1. El acoplador se puede proporcionar por separado bajo petici\u00f3n.<br \/>\n2. Se pueden proporcionar diferentes longitudes bajo petici\u00f3n.<\/p>\n","protected":false},"excerpt":{"rendered":"<p>Las Varillas de Tierra\u00a0 con Cobre de AXIS tienen un n\u00facleo de acero de bajo carbono de alta resistencia, con cada varilla hecha por uni\u00f3n molecular de Cobre Electrol\u00edtico Puro al 99.9%. Estas varillas son probadas de acuerdo con la norma UL 467 y IEC 62561-2. Nota: 1. El acoplador se puede proporcionar por separado bajo petici\u00f3n. 2. Se pueden proporcionar diferentes longitudes bajo petici\u00f3n.<\/p>\n","protected":false},"featured_media":111928,"comment_status":"closed","ping_status":"closed","template":"","meta":{"inline_featured_image":false},"product_brand":[],"product_cat":[560,558],"product_tag":[],"class_list":{"0":"post-26542","1":"product","2":"type-product","3":"status-publish","4":"has-post-thumbnail","6":"product_cat-earth-rods","7":"product_cat-earthing","9":"first","10":"instock","11":"shipping-taxable","12":"purchasable","13":"product-type-variable"},"acf":[],"_links":{"self":[{"href":"https:\/\/axis-india.com\/es\/wp-json\/wp\/v2\/product\/26542","targetHints":{"allow":["GET"]}}],"collection":[{"href":"https:\/\/axis-india.com\/es\/wp-json\/wp\/v2\/product"}],"about":[{"href":"https:\/\/axis-india.com\/es\/wp-json\/wp\/v2\/types\/product"}],"replies":[{"embeddable":true,"href":"https:\/\/axis-india.com\/es\/wp-json\/wp\/v2\/comments?post=26542"}],"wp:featuredmedia":[{"embeddable":true,"href":"https:\/\/axis-india.com\/es\/wp-json\/wp\/v2\/media\/111928"}],"wp:attachment":[{"href":"https:\/\/axis-india.com\/es\/wp-json\/wp\/v2\/media?parent=26542"}],"wp:term":[{"taxonomy":"product_brand","embeddable":true,"href":"https:\/\/axis-india.com\/es\/wp-json\/wp\/v2\/product_brand?post=26542"},{"taxonomy":"product_cat","embeddable":true,"href":"https:\/\/axis-india.com\/es\/wp-json\/wp\/v2\/product_cat?post=26542"},{"taxonomy":"product_tag","embeddable":true,"href":"https:\/\/axis-india.com\/es\/wp-json\/wp\/v2\/product_tag?post=26542"}],"curies":[{"name":"wp","href":"https:\/\/api.w.org\/{rel}","templated":true}]}}