{"id":13247,"date":"2022-10-19T12:06:09","date_gmt":"2022-10-19T06:36:09","guid":{"rendered":"https:\/\/axis-india.com\/es\/?post_type=product&#038;p=13247"},"modified":"2023-08-29T08:58:41","modified_gmt":"2023-08-29T03:28:41","slug":"flexible-tinned-copper-braid","status":"publish","type":"product","link":"https:\/\/axis-india.com\/es\/product\/flexible-tinned-copper-braid\/","title":{"rendered":"Trenza de Cobre Esta\u00f1ado Flexible"},"content":{"rendered":"<ul>\n<li>Fabricado a partir de alambre de cobre de alta conductividad seg\u00fan BS4109-C101.<\/li>\n<li>Adecuado para la conexi\u00f3n a tierra. Tambi\u00e9n se suministra como est\u00e1ndar precortado y perforado.<\/li>\n<li>Se utiliza para la conexi\u00f3n de puertas, puertas met\u00e1licas, vallas y aplicaciones donde se requiere flexibilidad.<\/li>\n<\/ul>\n","protected":false},"excerpt":{"rendered":"<p>Fabricado a partir de alambre de cobre de alta conductividad seg\u00fan BS4109-C101. Adecuado para la conexi\u00f3n a tierra. Tambi\u00e9n se suministra como est\u00e1ndar precortado y perforado. Se utiliza para la conexi\u00f3n de puertas, puertas met\u00e1licas, vallas y aplicaciones donde se requiere flexibilidad.<\/p>\n","protected":false},"featured_media":97858,"comment_status":"closed","ping_status":"closed","template":"","meta":{"inline_featured_image":false},"product_brand":[],"product_cat":[558,756],"product_tag":[1698],"class_list":{"0":"post-13247","1":"product","2":"type-product","3":"status-publish","4":"has-post-thumbnail","6":"product_cat-earthing","7":"product_cat-earthing-strips","8":"product_tag-flexible-tinned-copper-braid","10":"first","11":"instock","12":"shipping-taxable","13":"purchasable","14":"product-type-variable"},"acf":[],"_links":{"self":[{"href":"https:\/\/axis-india.com\/es\/wp-json\/wp\/v2\/product\/13247","targetHints":{"allow":["GET"]}}],"collection":[{"href":"https:\/\/axis-india.com\/es\/wp-json\/wp\/v2\/product"}],"about":[{"href":"https:\/\/axis-india.com\/es\/wp-json\/wp\/v2\/types\/product"}],"replies":[{"embeddable":true,"href":"https:\/\/axis-india.com\/es\/wp-json\/wp\/v2\/comments?post=13247"}],"wp:featuredmedia":[{"embeddable":true,"href":"https:\/\/axis-india.com\/es\/wp-json\/wp\/v2\/media\/97858"}],"wp:attachment":[{"href":"https:\/\/axis-india.com\/es\/wp-json\/wp\/v2\/media?parent=13247"}],"wp:term":[{"taxonomy":"product_brand","embeddable":true,"href":"https:\/\/axis-india.com\/es\/wp-json\/wp\/v2\/product_brand?post=13247"},{"taxonomy":"product_cat","embeddable":true,"href":"https:\/\/axis-india.com\/es\/wp-json\/wp\/v2\/product_cat?post=13247"},{"taxonomy":"product_tag","embeddable":true,"href":"https:\/\/axis-india.com\/es\/wp-json\/wp\/v2\/product_tag?post=13247"}],"curies":[{"name":"wp","href":"https:\/\/api.w.org\/{rel}","templated":true}]}}