{"id":111718,"date":"2023-05-02T17:21:11","date_gmt":"2023-05-02T11:51:11","guid":{"rendered":"https:\/\/axis-india.com\/es\/?post_type=product&#038;p=111718"},"modified":"2023-08-18T15:08:45","modified_gmt":"2023-08-18T09:38:45","slug":"conectores-de-perforacion-de-aislamiento-individuales","status":"publish","type":"product","link":"https:\/\/axis-india.com\/es\/product\/conectores-de-perforacion-de-aislamiento-individuales\/","title":{"rendered":"Conectores de Perforaci\u00f3n de Aislamiento Individuales"},"content":{"rendered":"<p>Los conectores de perforaci\u00f3n de aislamiento se utilizan en todos los sistemas de cable a\u00e9reo agrupado (AB) para realizar una conexi\u00f3n de derivaci\u00f3n. Esta derivaci\u00f3n se puede utilizar para continuar la l\u00ednea, distribuir la l\u00ednea, usarse en la iluminaci\u00f3n de calles o en las conexiones de servicio a los hogares. El dise\u00f1o permite que la conexi\u00f3n est\u00e9 completamente sellada contra cualquier ingreso de agua, actuando as\u00ed como un conector a prueba de agua.<\/p>\n<div class=\"row\">\n<div class=\"col-6\">\n<h4>Materiales:<\/h4>\n<ul>\n<li>Cuerpo: Pl\u00e1stico de ingenier\u00eda de alta resistencia de color negro utilizado para la fiabilidad mec\u00e1nica del conector.<\/li>\n<li>Placas de contacto: Cobre esta\u00f1ado o aleaci\u00f3n de cobre esta\u00f1ado o aluminio o aleaci\u00f3n de aluminio.<\/li>\n<li>Fijadores: Acero galvanizado.<\/li>\n<li>Tuerca de corte: Aluminio o aleaci\u00f3n de aluminio y zinc.<\/li>\n<\/ul>\n<\/div>\n<div class=\"col-6\">\n<h4>Caracter\u00edsticas y Beneficios:<\/h4>\n<ul>\n<li>Cumple con las normas de pruebas nacionales e internacionales (NF C, BSEN, etc.).<\/li>\n<li>La conexi\u00f3n de derivaci\u00f3n se puede tomar desde cualquier lado y se proporciona una tapa final llena de grasa para una terminaci\u00f3n segura.<\/li>\n<li>Instalaci\u00f3n f\u00e1cil y segura en l\u00edneas en vivo, lo que conduce a menos tiempo de inactividad durante el mantenimiento e instalaci\u00f3n.<\/li>\n<li>Las conexiones se realizan sin pelar el cable, asegurando una larga vida \u00fatil del cable y previniendo la p\u00e9rdida debido al robo.<\/li>\n<li>Resistente a la intemperie e impermeable (pasa la prueba submarina de 6 KV) reduciendo as\u00ed las p\u00e9rdidas de distribuci\u00f3n y las fallas.<\/li>\n<li>Las placas de contacto permiten el uso bimet\u00e1lico y son adecuadas para conexiones de aluminio a aluminio y de aluminio a cobre.<\/li>\n<li>Alojamiento de una gama de tama\u00f1os de cable y sin partes perdibles, lo que lleva a una gesti\u00f3n de inventario simple.<\/li>\n<li>Apretado simult\u00e1neo con dise\u00f1o de tuerca de corte que evita conexiones sueltas o sobreajuste.<\/li>\n<\/ul>\n<\/div>\n<\/div>\n","protected":false},"excerpt":{"rendered":"<p>Los conectores de perforaci\u00f3n de aislamiento se utilizan en todos los sistemas de cable a\u00e9reo agrupado (AB) para realizar una conexi\u00f3n de derivaci\u00f3n. Esta derivaci\u00f3n se puede utilizar para continuar la l\u00ednea, distribuir la l\u00ednea, usarse en la iluminaci\u00f3n de calles o en las conexiones de servicio a los hogares. El dise\u00f1o permite que la conexi\u00f3n est\u00e9 completamente sellada contra cualquier ingreso de agua, actuando as\u00ed como un conector a prueba de agua. Materiales: Cuerpo: Pl\u00e1stico de ingenier\u00eda de alta resistencia de color negro utilizado para la fiabilidad mec\u00e1nica del conector. Placas de contacto: Cobre esta\u00f1ado o aleaci\u00f3n de cobre esta\u00f1ado o aluminio o aleaci\u00f3n de aluminio. Fijadores: Acero galvanizado. Tuerca de corte: Aluminio o aleaci\u00f3n de aluminio y zinc. Caracter\u00edsticas y Beneficios: Cumple con las normas de pruebas nacionales e internacionales (NF C, BSEN, etc.). La conexi\u00f3n de derivaci\u00f3n se puede tomar desde cualquier lado y se proporciona una tapa final llena de grasa para una terminaci\u00f3n segura. Instalaci\u00f3n f\u00e1cil y segura en l\u00edneas en vivo, lo que conduce a menos tiempo de inactividad durante el mantenimiento e instalaci\u00f3n. Las conexiones se realizan sin pelar el cable, asegurando una larga vida \u00fatil del cable y previniendo la p\u00e9rdida debido al robo. Resistente a la intemperie e impermeable (pasa la prueba submarina de 6 KV) reduciendo as\u00ed las p\u00e9rdidas de distribuci\u00f3n y las fallas. Las placas de contacto permiten el uso bimet\u00e1lico y son adecuadas para conexiones de aluminio a aluminio y de aluminio a cobre. Alojamiento de una gama de tama\u00f1os de cable y sin partes perdibles, lo que lleva a una gesti\u00f3n de inventario simple. Apretado simult\u00e1neo con dise\u00f1o de tuerca de corte que evita conexiones sueltas o sobreajuste.<\/p>\n","protected":false},"featured_media":111328,"comment_status":"closed","ping_status":"closed","template":"","meta":{"inline_featured_image":false},"product_brand":[],"product_cat":[455,704],"product_tag":[],"class_list":{"0":"post-111718","1":"product","2":"type-product","3":"status-publish","4":"has-post-thumbnail","6":"product_cat-ab-cable-accessories","7":"product_cat-connecting-system-ab-cable-accessories","9":"first","10":"instock","11":"shipping-taxable","12":"purchasable","13":"product-type-variable"},"acf":[],"_links":{"self":[{"href":"https:\/\/axis-india.com\/es\/wp-json\/wp\/v2\/product\/111718","targetHints":{"allow":["GET"]}}],"collection":[{"href":"https:\/\/axis-india.com\/es\/wp-json\/wp\/v2\/product"}],"about":[{"href":"https:\/\/axis-india.com\/es\/wp-json\/wp\/v2\/types\/product"}],"replies":[{"embeddable":true,"href":"https:\/\/axis-india.com\/es\/wp-json\/wp\/v2\/comments?post=111718"}],"wp:featuredmedia":[{"embeddable":true,"href":"https:\/\/axis-india.com\/es\/wp-json\/wp\/v2\/media\/111328"}],"wp:attachment":[{"href":"https:\/\/axis-india.com\/es\/wp-json\/wp\/v2\/media?parent=111718"}],"wp:term":[{"taxonomy":"product_brand","embeddable":true,"href":"https:\/\/axis-india.com\/es\/wp-json\/wp\/v2\/product_brand?post=111718"},{"taxonomy":"product_cat","embeddable":true,"href":"https:\/\/axis-india.com\/es\/wp-json\/wp\/v2\/product_cat?post=111718"},{"taxonomy":"product_tag","embeddable":true,"href":"https:\/\/axis-india.com\/es\/wp-json\/wp\/v2\/product_tag?post=111718"}],"curies":[{"name":"wp","href":"https:\/\/api.w.org\/{rel}","templated":true}]}}