{"id":110876,"date":"2023-04-10T15:27:49","date_gmt":"2023-04-10T09:57:49","guid":{"rendered":"https:\/\/axis-india.com\/es\/?post_type=product&#038;p=110876"},"modified":"2024-04-26T16:38:39","modified_gmt":"2024-04-26T11:08:39","slug":"barra-de-tierras","status":"publish","type":"product","link":"https:\/\/axis-india.com\/es\/product\/barra-de-tierras\/","title":{"rendered":"Barra de tierras"},"content":{"rendered":"<p>Una barra de tierras es una tira o barra met\u00e1lica, t\u00edpicamente hecha de cobre o aluminio, que consolida m\u00faltiples conexiones el\u00e9ctricas en un solo punto. Sirve como el nodo central en un sistema el\u00e9ctrico, gestionando eficientemente las corrientes entrantes y salientes. Este componente esencial asegura que la energ\u00eda el\u00e9ctrica se distribuya uniformemente y sea f\u00e1cilmente manejable en diversas aplicaciones.<\/p>\n<p>En Axis, fabricamos y exportamos barras de tierras, con m\u00e1s de 30 a\u00f1os de experiencia, nuestras barras de tierras est\u00e1n instaladas en configuraciones de baja tensi\u00f3n hasta subestaciones de ultra-alta tensi\u00f3n que superan los 765 kV.<\/p>\n<p><strong>El papel de las barras de tierras en la distribuci\u00f3n de la energ\u00eda el\u00e9ctrica<\/strong><\/p>\n<p>Las barras de tierras juegan un papel crucial en la racionalizaci\u00f3n y protecci\u00f3n de la distribuci\u00f3n de la energ\u00eda el\u00e9ctrica. Al centralizar las conexiones, las barras de tierras reducen significativamente la complejidad y el costo de las configuraciones el\u00e9ctricas. Simplifican la adici\u00f3n de medidas protectoras y facilitan el aislamiento y reconexi\u00f3n r\u00e1pidos durante fallas a trav\u00e9s de los disyuntores y aisladores asociados.<\/p>\n<p><strong>Tipos y materiales de las barra de tierras<\/strong><\/p>\n<p>Las barras de tierras est\u00e1n disponibles en diferentes formas, como s\u00f3lidas, huecas o flexibles, y pueden ser moldeadas en formas rectangulares o redondas para adaptarse a diversas necesidades de instalaci\u00f3n. Aqu\u00ed hay un vistazo m\u00e1s cercano a los materiales utilizados:<\/p>\n<ul>\n<li><strong>Barras de tierras de cobre:<\/strong> Conocidas por su superior conductividad y resistencia a la tensi\u00f3n, las barras de tierras de cobre son ideales para aplicaciones que requieren una p\u00e9rdida m\u00ednima de potencia y ca\u00edda de voltaje. Ofrecen un mejor rendimiento general en capacidad de corriente y resistencia el\u00e9ctrica en comparaci\u00f3n con sus contrapartes de aluminio.<\/li>\n<li><strong>Barras de tierras de aluminio:<\/strong> Mientras que las barras de tierras de aluminio ofrecen una alternativa m\u00e1s ligera con un ahorro significativo en costos de transporte e instalaci\u00f3n, requieren tama\u00f1os m\u00e1s grandes debido a su menor conductividad. El aluminio es una elecci\u00f3n pr\u00e1ctica donde el peso y el costo son m\u00e1s cr\u00edticos que la m\u00e1xima conductividad.<\/li>\n<\/ul>\n<p><strong>\u00bfPor qu\u00e9 elegir Axis para tus barras de tierras?<\/strong><\/p>\n<p>Elegir Axis para tus barras de tierras significa invertir en fiabilidad y calidad probadas por el tiempo y la tecnolog\u00eda. Nuestras barras de tierras est\u00e1n dise\u00f1adas para ofrecer:<\/p>\n<ul>\n<li><strong>Seguridad mejorada<\/strong>: Con caracter\u00edsticas de protecci\u00f3n integradas y f\u00e1cil mantenimiento.<\/li>\n<li><strong>Eficiencia en costos<\/strong>: Reducir los costos de instalaci\u00f3n con dise\u00f1os el\u00e9ctricos simplificados.<\/li>\n<li><strong>Alta conductividad:<\/strong> Rendimiento \u00f3ptimo con m\u00ednima p\u00e9rdida de energ\u00eda.<\/li>\n<\/ul>\n","protected":false},"excerpt":{"rendered":"<p>Una barra de tierras es una tira o barra met\u00e1lica, t\u00edpicamente hecha de cobre o aluminio, que consolida m\u00faltiples conexiones el\u00e9ctricas en un solo punto. Sirve como el nodo central en un sistema el\u00e9ctrico, gestionando eficientemente las corrientes entrantes y salientes. Este componente esencial asegura que la energ\u00eda el\u00e9ctrica se distribuya uniformemente y sea f\u00e1cilmente manejable en diversas aplicaciones. En Axis, fabricamos y exportamos barras de tierras, con m\u00e1s de 30 a\u00f1os de experiencia, nuestras barras de tierras est\u00e1n instaladas en configuraciones de baja tensi\u00f3n hasta subestaciones de ultra-alta tensi\u00f3n que superan los 765 kV. El papel de las barras de tierras en la distribuci\u00f3n de la energ\u00eda el\u00e9ctrica Las barras de tierras juegan un papel crucial en la racionalizaci\u00f3n y protecci\u00f3n de la distribuci\u00f3n de la energ\u00eda el\u00e9ctrica. Al centralizar las conexiones, las barras de tierras reducen significativamente la complejidad y el costo de las configuraciones el\u00e9ctricas. Simplifican la adici\u00f3n de medidas protectoras y facilitan el aislamiento y reconexi\u00f3n r\u00e1pidos durante fallas a trav\u00e9s de los disyuntores y aisladores asociados. Tipos y materiales de las barra de tierras Las barras de tierras est\u00e1n disponibles en diferentes formas, como s\u00f3lidas, huecas o flexibles, y pueden ser moldeadas en formas rectangulares o redondas para adaptarse a diversas necesidades de instalaci\u00f3n. Aqu\u00ed hay un vistazo m\u00e1s cercano a los materiales utilizados: Barras de tierras de cobre: Conocidas por su superior conductividad y resistencia a la tensi\u00f3n, las barras de tierras de cobre son ideales para aplicaciones que requieren una p\u00e9rdida m\u00ednima de potencia y ca\u00edda de voltaje. Ofrecen un mejor rendimiento general en capacidad de corriente y resistencia el\u00e9ctrica en comparaci\u00f3n con sus contrapartes de aluminio. Barras de tierras de aluminio: Mientras que las barras de tierras de aluminio ofrecen una alternativa m\u00e1s ligera con un ahorro significativo en costos de transporte e instalaci\u00f3n, requieren tama\u00f1os m\u00e1s grandes debido a su menor conductividad. El aluminio es una elecci\u00f3n pr\u00e1ctica donde el peso y el costo son m\u00e1s cr\u00edticos que la m\u00e1xima conductividad. \u00bfPor qu\u00e9 elegir Axis para tus barras de tierras? Elegir Axis para tus barras de tierras significa invertir en fiabilidad y calidad probadas por el tiempo y la tecnolog\u00eda. Nuestras barras de tierras est\u00e1n dise\u00f1adas para ofrecer: Seguridad mejorada: Con caracter\u00edsticas de protecci\u00f3n integradas y f\u00e1cil mantenimiento. Eficiencia en costos: Reducir los costos de instalaci\u00f3n con dise\u00f1os el\u00e9ctricos simplificados. Alta conductividad: Rendimiento \u00f3ptimo con m\u00ednima p\u00e9rdida de energ\u00eda.<\/p>\n","protected":false},"featured_media":111322,"comment_status":"closed","ping_status":"closed","template":"","meta":{"inline_featured_image":false},"product_brand":[],"product_cat":[2119,1107],"product_tag":[],"class_list":{"0":"post-110876","1":"product","2":"type-product","3":"status-publish","4":"has-post-thumbnail","6":"product_cat-earthing-clamps-couplers","7":"product_cat-earthing-accessories","9":"first","10":"instock","11":"shipping-taxable","12":"purchasable","13":"product-type-variable"},"acf":[],"_links":{"self":[{"href":"https:\/\/axis-india.com\/es\/wp-json\/wp\/v2\/product\/110876","targetHints":{"allow":["GET"]}}],"collection":[{"href":"https:\/\/axis-india.com\/es\/wp-json\/wp\/v2\/product"}],"about":[{"href":"https:\/\/axis-india.com\/es\/wp-json\/wp\/v2\/types\/product"}],"replies":[{"embeddable":true,"href":"https:\/\/axis-india.com\/es\/wp-json\/wp\/v2\/comments?post=110876"}],"wp:featuredmedia":[{"embeddable":true,"href":"https:\/\/axis-india.com\/es\/wp-json\/wp\/v2\/media\/111322"}],"wp:attachment":[{"href":"https:\/\/axis-india.com\/es\/wp-json\/wp\/v2\/media?parent=110876"}],"wp:term":[{"taxonomy":"product_brand","embeddable":true,"href":"https:\/\/axis-india.com\/es\/wp-json\/wp\/v2\/product_brand?post=110876"},{"taxonomy":"product_cat","embeddable":true,"href":"https:\/\/axis-india.com\/es\/wp-json\/wp\/v2\/product_cat?post=110876"},{"taxonomy":"product_tag","embeddable":true,"href":"https:\/\/axis-india.com\/es\/wp-json\/wp\/v2\/product_tag?post=110876"}],"curies":[{"name":"wp","href":"https:\/\/api.w.org\/{rel}","templated":true}]}}