{"id":110102,"date":"2023-03-27T16:14:34","date_gmt":"2023-03-27T10:44:34","guid":{"rendered":"https:\/\/axis-india.com\/es\/?post_type=product&#038;p=110102"},"modified":"2024-09-12T11:47:11","modified_gmt":"2024-09-12T06:17:11","slug":"abrazadera-para-varilla-de-tierra-culus-y-csa-us-aprobados","status":"publish","type":"product","link":"https:\/\/axis-india.com\/es\/product\/abrazadera-para-varilla-de-tierra-culus-y-csa-us-aprobados\/","title":{"rendered":"Abrazadera para varilla de tierra &#8211; cULus y CSA US Aprobados"},"content":{"rendered":"<p class=\"whitespace-pre-wrap break-words\">Una abrazadera para varilla de tierra es un tipo de accesorio el\u00e9ctrico que se utiliza para conectar un cable de tierra a una varilla de tierra. Las varillas de tierra son barras largas de cobre o acero galvanizado que se insertan en el suelo y se utilizan como parte de un sistema de puesta a tierra el\u00e9ctrica. La abrazadera se usa para conectar de manera segura el cable de tierra a la varilla de tierra, asegurando una buena conexi\u00f3n el\u00e9ctrica. Esto ayuda a disipar las corrientes el\u00e9ctricas y proteger contra sobretensiones el\u00e9ctricas. Las abrazaderas para varillas de tierra est\u00e1n dise\u00f1adas para proporcionar una conexi\u00f3n fuerte y confiable entre el cable de tierra y la varilla de tierra, asegurando que el sistema de puesta a tierra funcione seg\u00fan lo previsto.<\/p>\n<p class=\"whitespace-pre-wrap break-words\">Si la conexi\u00f3n entre el cable de tierra y la varilla de tierra no es fuerte, puede comprometer la eficacia del sistema de puesta a tierra el\u00e9ctrica. Esto puede resultar en varios problemas, incluyendo los siguientes:<\/p>\n<ul class=\"-mt-1 list-disc space-y-2 pl-8\">\n<li class=\"whitespace-normal break-words\"><strong>Descarga el\u00e9ctrica:<\/strong> Si la conexi\u00f3n no es fuerte, es posible que las corrientes el\u00e9ctricas no puedan disiparse de manera segura en el suelo. Esto puede aumentar el riesgo de descarga el\u00e9ctrica para cualquier persona que entre en contacto con el equipo el\u00e9ctrico.<\/li>\n<li class=\"whitespace-normal break-words\"><strong>Sobretensiones el\u00e9ctricas:<\/strong> Si el sistema de puesta a tierra no funciona correctamente, es posible que las sobretensiones el\u00e9ctricas no se disipen eficazmente en el suelo. Esto puede resultar en da\u00f1os a equipos el\u00e9ctricos, como electrodom\u00e9sticos y dispositivos electr\u00f3nicos.<\/li>\n<li class=\"whitespace-normal break-words\"><strong>Riesgo de incendio:<\/strong> En algunos casos, una conexi\u00f3n d\u00e9bil entre el cable de tierra y la varilla de tierra puede aumentar el riesgo de un incendio el\u00e9ctrico. Esto se debe a que las corrientes el\u00e9ctricas pueden no ser capaces de disiparse de manera segura en el suelo y, en su lugar, pueden desviarse a otras partes del sistema el\u00e9ctrico, potencialmente causando un incendio.<\/li>\n<\/ul>\n<p class=\"whitespace-pre-wrap break-words\">Por lo tanto, es importante asegurarse de que la conexi\u00f3n entre el cable de tierra y la varilla de tierra sea fuerte y segura. Esto se puede lograr utilizando una abrazadera para varilla de tierra de alta calidad, y mediante la instalaci\u00f3n y mantenimiento adecuados del sistema de puesta a tierra.<\/p>\n<p class=\"whitespace-pre-wrap break-words\">Las abrazaderas para varillas de tierra tambi\u00e9n se utilizan com\u00fanmente para aplicaciones de enterrado directo. Una aplicaci\u00f3n de enterrado directo se refiere a la instalaci\u00f3n de equipos de puesta a tierra directamente en el suelo, sin el uso de un conducto u otro tipo de recinto. Este es un m\u00e9todo com\u00fan de instalaci\u00f3n de equipos de puesta a tierra, y las abrazaderas para varillas de tierra est\u00e1n dise\u00f1adas para ser adecuadas para su uso en aplicaciones de enterrado directo.<\/p>\n<p class=\"whitespace-pre-wrap break-words\">Nos complace informar que nuestra <strong>abrazadera para varilla de tierra ahora est\u00e1 certificada por cULus Listed y aprobada por CSA US.<\/strong><\/p>\n","protected":false},"excerpt":{"rendered":"<p>Una abrazadera para varilla de tierra es un tipo de accesorio el\u00e9ctrico que se utiliza para conectar un cable de tierra a una varilla de tierra. Las varillas de tierra son barras largas de cobre o acero galvanizado que se insertan en el suelo y se utilizan como parte de un sistema de puesta a tierra el\u00e9ctrica. La abrazadera se usa para conectar de manera segura el cable de tierra a la varilla de tierra, asegurando una buena conexi\u00f3n el\u00e9ctrica. Esto ayuda a disipar las corrientes el\u00e9ctricas y proteger contra sobretensiones el\u00e9ctricas. Las abrazaderas para varillas de tierra est\u00e1n dise\u00f1adas para proporcionar una conexi\u00f3n fuerte y confiable entre el cable de tierra y la varilla de tierra, asegurando que el sistema de puesta a tierra funcione seg\u00fan lo previsto. Si la conexi\u00f3n entre el cable de tierra y la varilla de tierra no es fuerte, puede comprometer la eficacia del sistema de puesta a tierra el\u00e9ctrica. Esto puede resultar en varios problemas, incluyendo los siguientes: Descarga el\u00e9ctrica: Si la conexi\u00f3n no es fuerte, es posible que las corrientes el\u00e9ctricas no puedan disiparse de manera segura en el suelo. Esto puede aumentar el riesgo de descarga el\u00e9ctrica para cualquier persona que entre en contacto con el equipo el\u00e9ctrico. Sobretensiones el\u00e9ctricas: Si el sistema de puesta a tierra no funciona correctamente, es posible que las sobretensiones el\u00e9ctricas no se disipen eficazmente en el suelo. Esto puede resultar en da\u00f1os a equipos el\u00e9ctricos, como electrodom\u00e9sticos y dispositivos electr\u00f3nicos. Riesgo de incendio: En algunos casos, una conexi\u00f3n d\u00e9bil entre el cable de tierra y la varilla de tierra puede aumentar el riesgo de un incendio el\u00e9ctrico. Esto se debe a que las corrientes el\u00e9ctricas pueden no ser capaces de disiparse de manera segura en el suelo y, en su lugar, pueden desviarse a otras partes del sistema el\u00e9ctrico, potencialmente causando un incendio. Por lo tanto, es importante asegurarse de que la conexi\u00f3n entre el cable de tierra y la varilla de tierra sea fuerte y segura. Esto se puede lograr utilizando una abrazadera para varilla de tierra de alta calidad, y mediante la instalaci\u00f3n y mantenimiento adecuados del sistema de puesta a tierra. Las abrazaderas para varillas de tierra tambi\u00e9n se utilizan com\u00fanmente para aplicaciones de enterrado directo. Una aplicaci\u00f3n de enterrado directo se refiere a la instalaci\u00f3n de equipos de puesta a tierra directamente en el suelo, sin el uso de un conducto u otro tipo de recinto. Este es un m\u00e9todo com\u00fan de instalaci\u00f3n de equipos de puesta a tierra, y las abrazaderas para varillas de tierra est\u00e1n dise\u00f1adas para ser adecuadas para su uso en aplicaciones de enterrado directo. Nos complace informar que nuestra abrazadera para varilla de tierra ahora est\u00e1 certificada por cULus Listed y aprobada por CSA US.<\/p>\n","protected":false},"featured_media":106748,"comment_status":"closed","ping_status":"closed","template":"","meta":{"inline_featured_image":false},"product_brand":[],"product_cat":[2119,1108],"product_tag":[],"class_list":{"0":"post-110102","1":"product","2":"type-product","3":"status-publish","4":"has-post-thumbnail","6":"product_cat-earthing-clamps-couplers","7":"product_cat-abrazadera-para-varilla-de-tierra","9":"first","10":"instock","11":"shipping-taxable","12":"purchasable","13":"product-type-variable"},"acf":[],"_links":{"self":[{"href":"https:\/\/axis-india.com\/es\/wp-json\/wp\/v2\/product\/110102","targetHints":{"allow":["GET"]}}],"collection":[{"href":"https:\/\/axis-india.com\/es\/wp-json\/wp\/v2\/product"}],"about":[{"href":"https:\/\/axis-india.com\/es\/wp-json\/wp\/v2\/types\/product"}],"replies":[{"embeddable":true,"href":"https:\/\/axis-india.com\/es\/wp-json\/wp\/v2\/comments?post=110102"}],"wp:featuredmedia":[{"embeddable":true,"href":"https:\/\/axis-india.com\/es\/wp-json\/wp\/v2\/media\/106748"}],"wp:attachment":[{"href":"https:\/\/axis-india.com\/es\/wp-json\/wp\/v2\/media?parent=110102"}],"wp:term":[{"taxonomy":"product_brand","embeddable":true,"href":"https:\/\/axis-india.com\/es\/wp-json\/wp\/v2\/product_brand?post=110102"},{"taxonomy":"product_cat","embeddable":true,"href":"https:\/\/axis-india.com\/es\/wp-json\/wp\/v2\/product_cat?post=110102"},{"taxonomy":"product_tag","embeddable":true,"href":"https:\/\/axis-india.com\/es\/wp-json\/wp\/v2\/product_tag?post=110102"}],"curies":[{"name":"wp","href":"https:\/\/api.w.org\/{rel}","templated":true}]}}