{"id":112119,"date":"2023-06-07T18:09:21","date_gmt":"2023-06-07T12:39:21","guid":{"rendered":"https:\/\/axis-india.com\/es\/?page_id=112119"},"modified":"2024-03-27T15:40:27","modified_gmt":"2024-03-27T10:10:27","slug":"sistema-de-gestion-de-cables","status":"publish","type":"page","link":"https:\/\/axis-india.com\/es\/sistema-de-gestion-de-cables\/","title":{"rendered":"Sistema de gesti\u00f3n de cables"},"content":{"rendered":"\t\t<div data-elementor-type=\"wp-page\" data-elementor-id=\"112119\" class=\"elementor elementor-112119\">\n\t\t\t\t\t\t<section class=\"elementor-section elementor-top-section elementor-element elementor-element-7651c96 elementor-section-height-min-height elementor-section-boxed elementor-section-height-default elementor-section-items-middle wpr-particle-no wpr-jarallax-no wpr-parallax-no wpr-sticky-section-no\" data-id=\"7651c96\" data-element_type=\"section\" data-settings=\"{&quot;background_background&quot;:&quot;classic&quot;}\">\n\t\t\t\t\t\t<div class=\"elementor-container elementor-column-gap-default\">\n\t\t\t\t\t<div class=\"elementor-column elementor-col-100 elementor-top-column elementor-element elementor-element-1d316f1\" data-id=\"1d316f1\" data-element_type=\"column\">\n\t\t\t<div class=\"elementor-widget-wrap elementor-element-populated\">\n\t\t\t\t\t\t<div class=\"elementor-element elementor-element-da2db76 elementor-widget elementor-widget-heading\" data-id=\"da2db76\" data-element_type=\"widget\" data-widget_type=\"heading.default\">\n\t\t\t\t<div class=\"elementor-widget-container\">\n\t\t\t\t\t<h1 class=\"elementor-heading-title elementor-size-default\"><span class=\"ui-provider gs b c d e f g h i j k l m n o p q r s t u v w x y z ab ac ae af ag ah ai aj ak\" dir=\"ltr\">Sistema de gesti\u00f3n de cables<\/span><\/h1>\t\t\t\t<\/div>\n\t\t\t\t<\/div>\n\t\t\t\t\t<\/div>\n\t\t<\/div>\n\t\t\t\t\t<\/div>\n\t\t<\/section>\n\t\t\t\t<section class=\"elementor-section elementor-top-section elementor-element elementor-element-ef76ad0 breducrumbs-ese-section elementor-section-boxed elementor-section-height-default elementor-section-height-default wpr-particle-no wpr-jarallax-no wpr-parallax-no wpr-sticky-section-no\" data-id=\"ef76ad0\" data-element_type=\"section\" data-settings=\"{&quot;background_background&quot;:&quot;classic&quot;}\">\n\t\t\t\t\t\t<div class=\"elementor-container elementor-column-gap-default\">\n\t\t\t\t\t<div class=\"elementor-column elementor-col-100 elementor-top-column elementor-element elementor-element-897b2f3\" data-id=\"897b2f3\" data-element_type=\"column\">\n\t\t\t<div class=\"elementor-widget-wrap\">\n\t\t\t\t\t\t\t<\/div>\n\t\t<\/div>\n\t\t\t\t\t<\/div>\n\t\t<\/section>\n\t\t\t\t<section class=\"elementor-section elementor-top-section elementor-element elementor-element-af0aac8 elementor-hidden-desktop elementor-section-boxed elementor-section-height-default elementor-section-height-default wpr-particle-no wpr-jarallax-no wpr-parallax-no wpr-sticky-section-no\" data-id=\"af0aac8\" data-element_type=\"section\">\n\t\t\t\t\t\t<div class=\"elementor-container elementor-column-gap-default\">\n\t\t\t\t\t<div class=\"elementor-column elementor-col-100 elementor-top-column elementor-element elementor-element-159334a elementor-hidden-desktop elementor-hidden-tablet_extra elementor-hidden-tablet elementor-hidden-mobile_extra elementor-hidden-mobile\" data-id=\"159334a\" data-element_type=\"column\">\n\t\t\t<div class=\"elementor-widget-wrap elementor-element-populated\">\n\t\t\t\t\t\t<div class=\"elementor-element elementor-element-67c656c elementor-widget elementor-widget-image\" data-id=\"67c656c\" data-element_type=\"widget\" data-widget_type=\"image.default\">\n\t\t\t\t<div class=\"elementor-widget-container\">\n\t\t\t\t\t\t\t\t\t\t\t\t\t\t\t<img fetchpriority=\"high\" decoding=\"async\" width=\"395\" height=\"501\" src=\"https:\/\/axis-india.com\/es\/wp-content\/uploads\/2023\/01\/imgpsh_fullsize_anim-1.png\" class=\"attachment-full size-full wp-image-109631\" alt=\"\" srcset=\"https:\/\/axis-india.com\/es\/wp-content\/uploads\/2023\/01\/imgpsh_fullsize_anim-1.png 395w, https:\/\/axis-india.com\/es\/wp-content\/uploads\/2023\/01\/imgpsh_fullsize_anim-1-237x300.png 237w\" sizes=\"(max-width: 395px) 100vw, 395px\" \/>\t\t\t\t\t\t\t\t\t\t\t\t\t\t\t<\/div>\n\t\t\t\t<\/div>\n\t\t\t\t\t<\/div>\n\t\t<\/div>\n\t\t\t\t\t<\/div>\n\t\t<\/section>\n\t\t\t\t<section class=\"elementor-section elementor-top-section elementor-element elementor-element-66faf70 elementor-section-boxed elementor-section-height-default elementor-section-height-default wpr-particle-no wpr-jarallax-no wpr-parallax-no wpr-sticky-section-no\" data-id=\"66faf70\" data-element_type=\"section\">\n\t\t\t\t\t\t<div class=\"elementor-container elementor-column-gap-default\">\n\t\t\t\t\t<div class=\"elementor-column elementor-col-100 elementor-top-column elementor-element elementor-element-ee79c36\" data-id=\"ee79c36\" data-element_type=\"column\">\n\t\t\t<div class=\"elementor-widget-wrap elementor-element-populated\">\n\t\t\t\t\t\t<div class=\"elementor-element elementor-element-d07fd33 elementor-widget elementor-widget-text-editor\" data-id=\"d07fd33\" data-element_type=\"widget\" data-widget_type=\"text-editor.default\">\n\t\t\t\t<div class=\"elementor-widget-container\">\n\t\t\t\t\t\t\t\t\t<h3><b><span class=\"ui-provider gs b c d e f g h i j k l m n o p q r s t u v w x y z ab ac ae af ag ah ai aj ak\" dir=\"ltr\">Sistema de gesti\u00f3n de cables<\/span> para tus proyectos el\u00e9ctricos!<\/b><\/h3><p>Los Sistemas de Gesti\u00f3n de Cables de Axis se utilizan para organizar y asegurar los cables el\u00e9ctricos o electr\u00f3nicos en una instalaci\u00f3n, hogar u oficina. El principal objetivo de nuestros Sistemas de Gesti\u00f3n de Cables es mantener un espacio de trabajo limpio y organizado, reducir los peligros de tropezar, eliminar cortocircuitos y mejorar tu seguridad el\u00e9ctrica y funcionalidad general.<\/p><p>Salvaguardaremos tus proyectos con una amplia gama de Sistemas de Gesti\u00f3n de Cables, incluyendo Prensacables, Sujeciones de Cables y Ataduras de Cables. Este equipo suele estar hecho de metal, pl\u00e1stico u otros materiales duraderos y puede ser montado en paredes, suelos o techos.<\/p><p>Con m\u00e1s de 30 a\u00f1os de experiencia atendiendo a clientes en m\u00e1s de 80 pa\u00edses, reconocemos los diversos requisitos de nuestros clientes. Nuestra gama de productos incluye productos probados y certificados por UL, CSA, IEC y BSI para garantizar los m\u00e1s altos est\u00e1ndares de seguridad y rendimiento. Perm\u00edtenos ayudarte a descubrir la soluci\u00f3n de conexi\u00f3n a tierra ideal personalizada para las necesidades de tu proyecto.<\/p>\t\t\t\t\t\t\t\t<\/div>\n\t\t\t\t<\/div>\n\t\t\t\t<div class=\"elementor-element elementor-element-f267227 elementor-widget elementor-widget-image\" data-id=\"f267227\" data-element_type=\"widget\" data-widget_type=\"image.default\">\n\t\t\t\t<div class=\"elementor-widget-container\">\n\t\t\t\t\t\t\t\t\t\t\t\t\t\t\t<img decoding=\"async\" src=\"https:\/\/axis-india.com\/es\/wp-content\/uploads\/elementor\/thumbs\/Cable-Management-System-2-rct3dl3qcnxnzf3q7eb3ih12eywsafn746g0743gay.jpg\" title=\"Cable Management System\" alt=\"Cable Management System\" loading=\"lazy\" \/>\t\t\t\t\t\t\t\t\t\t\t\t\t\t\t<\/div>\n\t\t\t\t<\/div>\n\t\t\t\t\t<\/div>\n\t\t<\/div>\n\t\t\t\t\t<\/div>\n\t\t<\/section>\n\t\t\t\t<section class=\"elementor-section elementor-top-section elementor-element elementor-element-97c9186 our-guid-light elementor-section-boxed elementor-section-height-default elementor-section-height-default wpr-particle-no wpr-jarallax-no wpr-parallax-no wpr-sticky-section-no\" data-id=\"97c9186\" data-element_type=\"section\" data-settings=\"{&quot;background_background&quot;:&quot;classic&quot;}\">\n\t\t\t\t\t\t<div class=\"elementor-container elementor-column-gap-default\">\n\t\t\t\t\t<div class=\"elementor-column elementor-col-100 elementor-top-column elementor-element elementor-element-75a6877\" data-id=\"75a6877\" data-element_type=\"column\">\n\t\t\t<div class=\"elementor-widget-wrap elementor-element-populated\">\n\t\t\t\t\t\t<div class=\"elementor-element elementor-element-a0103db vision-title elementor-widget elementor-widget-heading\" data-id=\"a0103db\" data-element_type=\"widget\" data-widget_type=\"heading.default\">\n\t\t\t\t<div class=\"elementor-widget-container\">\n\t\t\t\t\t<h2 class=\"elementor-heading-title elementor-size-default\">Sistema de gesti\u00f3n de cables<\/h2>\t\t\t\t<\/div>\n\t\t\t\t<\/div>\n\t\t\t\t<section class=\"elementor-section elementor-inner-section elementor-element elementor-element-581439e axis-ese-table-box elementor-section-boxed elementor-section-height-default elementor-section-height-default wpr-particle-no wpr-jarallax-no wpr-parallax-no wpr-sticky-section-no\" data-id=\"581439e\" data-element_type=\"section\">\n\t\t\t\t\t\t<div class=\"elementor-container elementor-column-gap-default\">\n\t\t\t\t\t<div class=\"elementor-column elementor-col-100 elementor-inner-column elementor-element elementor-element-9aefb8c\" data-id=\"9aefb8c\" data-element_type=\"column\">\n\t\t\t<div class=\"elementor-widget-wrap elementor-element-populated\">\n\t\t\t\t\t\t<div class=\"elementor-element elementor-element-64d50dd elementor-widget elementor-widget-text-editor\" data-id=\"64d50dd\" data-element_type=\"widget\" data-widget_type=\"text-editor.default\">\n\t\t\t\t<div class=\"elementor-widget-container\">\n\t\t\t\t\t\t\t\t\t<h3>Prensacables<\/h3><p>Logra una gesti\u00f3n de cables segura y confiable con nuestros vers\u00e1tiles Prensacables. Elaborados con materiales de alta calidad, estos prensacables proporcionan un alivio de tensi\u00f3n \u00f3ptimo, protecci\u00f3n de ingreso y sellado para varios tipos de cables. Disponibles en una gama de tama\u00f1os y dise\u00f1os, nuestros Prensacables aseguran una conexi\u00f3n confiable en cualquier instalaci\u00f3n el\u00e9ctrica.<\/p><h3>Sujeciones de Cables<\/h3><p>Mejora la estabilidad del cable y minimiza el riesgo de da\u00f1o con nuestras robustas Sujeciones de Cables. Dise\u00f1adas para resistir los rigores de tu sistema el\u00e9ctrico, estas sujeciones proporcionan un soporte s\u00f3lido y una retenci\u00f3n excepcional de cables, previniendo el estr\u00e9s y el movimiento. Elige de nuestra amplia selecci\u00f3n de tama\u00f1os y materiales para adaptarse a los requisitos de tu proyecto y asegurar una soluci\u00f3n de gesti\u00f3n de cables segura, segura y organizada.<\/p><h3>Ataduras de Cables<\/h3><p>Mant\u00e9n f\u00e1cilmente un sistema de cables ordenado con nuestras duraderas Ataduras de Cables. Estas vers\u00e1tiles ataduras est\u00e1n fabricadas con materiales de alta resistencia, asegurando un agrupamiento y organizaci\u00f3n de cables confiables para diversas aplicaciones. Disponibles en una variedad de longitudes, colores y estilos, nuestras Ataduras de Cables proporcionan una soluci\u00f3n f\u00e1cil de usar y rentable para todas tus necesidades de gesti\u00f3n de cables.<\/p>\t\t\t\t\t\t\t\t<\/div>\n\t\t\t\t<\/div>\n\t\t\t\t\t<\/div>\n\t\t<\/div>\n\t\t\t\t\t<\/div>\n\t\t<\/section>\n\t\t\t\t\t<\/div>\n\t\t<\/div>\n\t\t\t\t\t<\/div>\n\t\t<\/section>\n\t\t\t\t<section class=\"elementor-section elementor-top-section elementor-element elementor-element-a3fc724 utility-approvals-section related-product-area elementor-section-boxed elementor-section-height-default elementor-section-height-default wpr-particle-no wpr-jarallax-no wpr-parallax-no wpr-sticky-section-no\" data-id=\"a3fc724\" data-element_type=\"section\">\n\t\t\t\t\t\t<div class=\"elementor-container elementor-column-gap-default\">\n\t\t\t\t\t<div class=\"elementor-column elementor-col-100 elementor-top-column elementor-element elementor-element-1a46f39\" data-id=\"1a46f39\" data-element_type=\"column\">\n\t\t\t<div class=\"elementor-widget-wrap elementor-element-populated\">\n\t\t\t\t\t\t<div class=\"elementor-element elementor-element-d9f421f elementor-widget elementor-widget-spacer\" data-id=\"d9f421f\" data-element_type=\"widget\" data-widget_type=\"spacer.default\">\n\t\t\t\t<div class=\"elementor-widget-container\">\n\t\t\t\t\t\t\t<div class=\"elementor-spacer\">\n\t\t\t<div class=\"elementor-spacer-inner\"><\/div>\n\t\t<\/div>\n\t\t\t\t\t\t<\/div>\n\t\t\t\t<\/div>\n\t\t\t\t<div class=\"elementor-element elementor-element-6c9205a elementor-widget elementor-widget-heading\" data-id=\"6c9205a\" data-element_type=\"widget\" data-widget_type=\"heading.default\">\n\t\t\t\t<div class=\"elementor-widget-container\">\n\t\t\t\t\t<h3 class=\"elementor-heading-title elementor-size-default\">Detalles del Producto<\/h3>\t\t\t\t<\/div>\n\t\t\t\t<\/div>\n\t\t\t\t<section class=\"elementor-section elementor-inner-section elementor-element elementor-element-0b9364f elementor-section-boxed elementor-section-height-default elementor-section-height-default wpr-particle-no wpr-jarallax-no wpr-parallax-no wpr-sticky-section-no\" data-id=\"0b9364f\" data-element_type=\"section\">\n\t\t\t\t\t\t<div class=\"elementor-container elementor-column-gap-default\">\n\t\t\t\t\t<div class=\"elementor-column elementor-col-33 elementor-inner-column elementor-element elementor-element-9a843bf\" data-id=\"9a843bf\" data-element_type=\"column\">\n\t\t\t<div class=\"elementor-widget-wrap elementor-element-populated\">\n\t\t\t\t\t\t<div class=\"elementor-element elementor-element-23997b6 elementor-widget elementor-widget-image\" data-id=\"23997b6\" data-element_type=\"widget\" data-widget_type=\"image.default\">\n\t\t\t\t<div class=\"elementor-widget-container\">\n\t\t\t\t\t\t\t\t\t\t\t\t\t\t\t\t<a href=\"https:\/\/axis-india.com\/es\/product-category\/cable-management\/cable-glands-cable-management\/\">\n\t\t\t\t\t\t\t<img decoding=\"async\" width=\"300\" height=\"213\" src=\"https:\/\/axis-india.com\/es\/wp-content\/uploads\/2023\/04\/Cable-Gland-300x213.png\" class=\"attachment-medium size-medium wp-image-110945\" alt=\"\" srcset=\"https:\/\/axis-india.com\/es\/wp-content\/uploads\/2023\/04\/Cable-Gland-300x213.png 300w, https:\/\/axis-india.com\/es\/wp-content\/uploads\/2023\/04\/Cable-Gland-1024x726.png 1024w, https:\/\/axis-india.com\/es\/wp-content\/uploads\/2023\/04\/Cable-Gland-768x545.png 768w, https:\/\/axis-india.com\/es\/wp-content\/uploads\/2023\/04\/Cable-Gland-1536x1090.png 1536w, https:\/\/axis-india.com\/es\/wp-content\/uploads\/2023\/04\/Cable-Gland-600x426.png 600w, https:\/\/axis-india.com\/es\/wp-content\/uploads\/2023\/04\/Cable-Gland.png 1748w\" sizes=\"(max-width: 300px) 100vw, 300px\" \/>\t\t\t\t\t\t\t\t<\/a>\n\t\t\t\t\t\t\t\t\t\t\t\t\t\t\t<\/div>\n\t\t\t\t<\/div>\n\t\t\t\t<div class=\"elementor-element elementor-element-fcadf08 border-remove elementor-widget elementor-widget-text-editor\" data-id=\"fcadf08\" data-element_type=\"widget\" data-widget_type=\"text-editor.default\">\n\t\t\t\t<div class=\"elementor-widget-container\">\n\t\t\t\t\t\t\t\t\t<p><a href=\"https:\/\/axis-india.com\/es\/product-category\/cable-management\/cable-glands-cable-management\/\"><span style=\"color: #363366;\">Prensacables<\/span><\/a><\/p>\t\t\t\t\t\t\t\t<\/div>\n\t\t\t\t<\/div>\n\t\t\t\t\t<\/div>\n\t\t<\/div>\n\t\t\t\t<div class=\"elementor-column elementor-col-33 elementor-inner-column elementor-element elementor-element-bbcdc8c\" data-id=\"bbcdc8c\" data-element_type=\"column\">\n\t\t\t<div class=\"elementor-widget-wrap elementor-element-populated\">\n\t\t\t\t\t\t<div class=\"elementor-element elementor-element-a08ed5c elementor-widget elementor-widget-image\" data-id=\"a08ed5c\" data-element_type=\"widget\" data-widget_type=\"image.default\">\n\t\t\t\t<div class=\"elementor-widget-container\">\n\t\t\t\t\t\t\t\t\t\t\t\t\t\t\t\t<a href=\"https:\/\/axis-india.com\/es\/product-category\/cable-management\/cable-cleats\/\">\n\t\t\t\t\t\t\t<img decoding=\"async\" width=\"300\" height=\"200\" src=\"https:\/\/axis-india.com\/es\/wp-content\/uploads\/2022\/10\/Cable_Cleat-Single_Way_2-300x200.png\" class=\"attachment-medium size-medium wp-image-94447\" alt=\"Cable Cleat\" srcset=\"https:\/\/axis-india.com\/es\/wp-content\/uploads\/2022\/10\/Cable_Cleat-Single_Way_2-300x200.png 300w, https:\/\/axis-india.com\/es\/wp-content\/uploads\/2022\/10\/Cable_Cleat-Single_Way_2-1024x683.png 1024w, https:\/\/axis-india.com\/es\/wp-content\/uploads\/2022\/10\/Cable_Cleat-Single_Way_2-768x512.png 768w, https:\/\/axis-india.com\/es\/wp-content\/uploads\/2022\/10\/Cable_Cleat-Single_Way_2-600x400.png 600w, https:\/\/axis-india.com\/es\/wp-content\/uploads\/2022\/10\/Cable_Cleat-Single_Way_2.png 1368w\" sizes=\"(max-width: 300px) 100vw, 300px\" \/>\t\t\t\t\t\t\t\t<\/a>\n\t\t\t\t\t\t\t\t\t\t\t\t\t\t\t<\/div>\n\t\t\t\t<\/div>\n\t\t\t\t<div class=\"elementor-element elementor-element-b8494b4 border-remove elementor-widget elementor-widget-text-editor\" data-id=\"b8494b4\" data-element_type=\"widget\" data-widget_type=\"text-editor.default\">\n\t\t\t\t<div class=\"elementor-widget-container\">\n\t\t\t\t\t\t\t\t\t<p><a href=\"https:\/\/axis-india.com\/es\/product-category\/cable-management\/cable-cleats\/\"><span style=\"color: #363366;\">Sujeciones de Cables<\/span><\/a><\/p>\t\t\t\t\t\t\t\t<\/div>\n\t\t\t\t<\/div>\n\t\t\t\t\t<\/div>\n\t\t<\/div>\n\t\t\t\t<div class=\"elementor-column elementor-col-33 elementor-inner-column elementor-element elementor-element-a1fc9f7\" data-id=\"a1fc9f7\" data-element_type=\"column\">\n\t\t\t<div class=\"elementor-widget-wrap elementor-element-populated\">\n\t\t\t\t\t\t<div class=\"elementor-element elementor-element-6c2d2ce elementor-widget elementor-widget-image\" data-id=\"6c2d2ce\" data-element_type=\"widget\" data-widget_type=\"image.default\">\n\t\t\t\t<div class=\"elementor-widget-container\">\n\t\t\t\t\t\t\t\t\t\t\t\t\t\t\t\t<a href=\"https:\/\/axis-india.com\/es\/product-category\/cable-management\/cable-ties-accessories\/\">\n\t\t\t\t\t\t\t<img loading=\"lazy\" decoding=\"async\" width=\"300\" height=\"169\" src=\"https:\/\/axis-india.com\/es\/wp-content\/uploads\/2022\/10\/Stainless-Steel-Cable-Ties-Carrier-300x169.png\" class=\"attachment-medium size-medium wp-image-97847\" alt=\"Stainless Steel Cable Ties - Carrier\" srcset=\"https:\/\/axis-india.com\/es\/wp-content\/uploads\/2022\/10\/Stainless-Steel-Cable-Ties-Carrier-300x169.png 300w, https:\/\/axis-india.com\/es\/wp-content\/uploads\/2022\/10\/Stainless-Steel-Cable-Ties-Carrier-1024x576.png 1024w, https:\/\/axis-india.com\/es\/wp-content\/uploads\/2022\/10\/Stainless-Steel-Cable-Ties-Carrier-768x432.png 768w, https:\/\/axis-india.com\/es\/wp-content\/uploads\/2022\/10\/Stainless-Steel-Cable-Ties-Carrier-600x338.png 600w, https:\/\/axis-india.com\/es\/wp-content\/uploads\/2022\/10\/Stainless-Steel-Cable-Ties-Carrier.png 1280w\" sizes=\"(max-width: 300px) 100vw, 300px\" \/>\t\t\t\t\t\t\t\t<\/a>\n\t\t\t\t\t\t\t\t\t\t\t\t\t\t\t<\/div>\n\t\t\t\t<\/div>\n\t\t\t\t<div class=\"elementor-element elementor-element-2f2253c border-remove elementor-widget elementor-widget-text-editor\" data-id=\"2f2253c\" data-element_type=\"widget\" data-widget_type=\"text-editor.default\">\n\t\t\t\t<div class=\"elementor-widget-container\">\n\t\t\t\t\t\t\t\t\t<p><a href=\"https:\/\/axis-india.com\/es\/product-category\/cable-management\/cable-ties-accessories\/\"><span style=\"color: #363366;\">Ataduras de Cables de Acero Inoxidable<\/span><\/a><\/p>\t\t\t\t\t\t\t\t<\/div>\n\t\t\t\t<\/div>\n\t\t\t\t\t<\/div>\n\t\t<\/div>\n\t\t\t\t\t<\/div>\n\t\t<\/section>\n\t\t\t\t\t<\/div>\n\t\t<\/div>\n\t\t\t\t\t<\/div>\n\t\t<\/section>\n\t\t\t\t<section class=\"elementor-section elementor-top-section elementor-element elementor-element-e2b0f77 get-price-section elementor-section-boxed elementor-section-height-default elementor-section-height-default wpr-particle-no wpr-jarallax-no wpr-parallax-no wpr-sticky-section-no\" data-id=\"e2b0f77\" data-element_type=\"section\">\n\t\t\t\t\t\t<div class=\"elementor-container elementor-column-gap-default\">\n\t\t\t\t\t<div class=\"elementor-column elementor-col-100 elementor-top-column elementor-element elementor-element-373501d\" data-id=\"373501d\" data-element_type=\"column\">\n\t\t\t<div class=\"elementor-widget-wrap elementor-element-populated\">\n\t\t\t\t\t\t<div class=\"elementor-element elementor-element-b827ae0 vision-title elementor-widget elementor-widget-heading\" data-id=\"b827ae0\" data-element_type=\"widget\" data-widget_type=\"heading.default\">\n\t\t\t\t<div class=\"elementor-widget-container\">\n\t\t\t\t\t<h3 class=\"elementor-heading-title elementor-size-default\">\u00a1Obt\u00e9n Precios Ahora!<\/h3>\t\t\t\t<\/div>\n\t\t\t\t<\/div>\n\t\t\t\t\t<\/div>\n\t\t<\/div>\n\t\t\t\t\t<\/div>\n\t\t<\/section>\n\t\t\t\t<section class=\"elementor-section elementor-top-section elementor-element elementor-element-99fa2eb contact-tab-section tab-detail-area elementor-section-boxed elementor-section-height-default elementor-section-height-default wpr-particle-no wpr-jarallax-no wpr-parallax-no wpr-sticky-section-no\" data-id=\"99fa2eb\" data-element_type=\"section\">\n\t\t\t\t\t\t<div class=\"elementor-container elementor-column-gap-default\">\n\t\t\t\t\t<div class=\"elementor-column elementor-col-100 elementor-top-column elementor-element elementor-element-ea92868\" data-id=\"ea92868\" data-element_type=\"column\">\n\t\t\t<div class=\"elementor-widget-wrap\">\n\t\t\t\t\t\t\t<\/div>\n\t\t<\/div>\n\t\t\t\t\t<\/div>\n\t\t<\/section>\n\t\t\t\t<\/div>\n\t\t","protected":false},"excerpt":{"rendered":"<p>Sistema de gesti\u00f3n de cables Home Sistema de gesti\u00f3n de cables para tus proyectos el\u00e9ctricos! Los Sistemas de Gesti\u00f3n de Cables de Axis se utilizan para organizar y asegurar los cables el\u00e9ctricos o electr\u00f3nicos en una instalaci\u00f3n, hogar u oficina. El principal objetivo de nuestros Sistemas de Gesti\u00f3n de Cables es mantener un espacio de trabajo limpio y organizado, reducir los peligros de tropezar, eliminar cortocircuitos y mejorar tu seguridad el\u00e9ctrica y funcionalidad general. Salvaguardaremos tus proyectos con una amplia gama de Sistemas de Gesti\u00f3n de Cables, incluyendo Prensacables, Sujeciones de Cables y Ataduras de Cables. Este equipo suele estar hecho de metal, pl\u00e1stico u otros materiales duraderos y puede ser montado en paredes, suelos o techos. Con m\u00e1s de 30 a\u00f1os de experiencia atendiendo a clientes en m\u00e1s de 80 pa\u00edses, reconocemos los diversos requisitos de nuestros clientes. Nuestra gama de productos incluye productos probados y certificados por UL, CSA, IEC y BSI para garantizar los m\u00e1s altos est\u00e1ndares de seguridad y rendimiento. Perm\u00edtenos ayudarte a descubrir la soluci\u00f3n de conexi\u00f3n a tierra ideal personalizada para las necesidades de tu proyecto. Sistema de gesti\u00f3n de cables Prensacables Logra una gesti\u00f3n de cables segura y confiable con nuestros vers\u00e1tiles Prensacables. Elaborados con materiales de alta calidad, estos prensacables proporcionan un alivio de tensi\u00f3n \u00f3ptimo, protecci\u00f3n de ingreso y sellado para varios tipos de cables. Disponibles en una gama de tama\u00f1os y dise\u00f1os, nuestros Prensacables aseguran una conexi\u00f3n confiable en cualquier instalaci\u00f3n el\u00e9ctrica. Sujeciones de Cables Mejora la estabilidad del cable y minimiza el riesgo de da\u00f1o con nuestras robustas Sujeciones de Cables. Dise\u00f1adas para resistir los rigores de tu sistema el\u00e9ctrico, estas sujeciones proporcionan un soporte s\u00f3lido y una retenci\u00f3n excepcional de cables, previniendo el estr\u00e9s y el movimiento. Elige de nuestra amplia selecci\u00f3n de tama\u00f1os y materiales para adaptarse a los requisitos de tu proyecto y asegurar una soluci\u00f3n de gesti\u00f3n de cables segura, segura y organizada. Ataduras de Cables Mant\u00e9n f\u00e1cilmente un sistema de cables ordenado con nuestras duraderas Ataduras de Cables. Estas vers\u00e1tiles ataduras est\u00e1n fabricadas con materiales de alta resistencia, asegurando un agrupamiento y organizaci\u00f3n de cables confiables para diversas aplicaciones. Disponibles en una variedad de longitudes, colores y estilos, nuestras Ataduras de Cables proporcionan una soluci\u00f3n f\u00e1cil de usar y rentable para todas tus necesidades de gesti\u00f3n de cables. Detalles del Producto Prensacables Sujeciones de Cables Ataduras de Cables de Acero Inoxidable \u00a1Obt\u00e9n Precios Ahora! Name* Company Name* Email* Phone Number Location* Message \u00bfPor qu\u00e9 elegir Sistema de gesti\u00f3n de cables?\u200b \u00bfPor qu\u00e9 elegir Sistema de gesti\u00f3n de cables?\u200b Experiencia y presencia global Con un legado de m\u00e1s de 30 a\u00f1os en la fabricaci\u00f3n y suministro de Sistemas de Gesti\u00f3n de Cables, Axis Cable Solutions ha ganado reputaci\u00f3n como l\u00edder en la industria. Nuestros sistemas se implementan en multitud de proyectos en m\u00e1s de 80 pa\u00edses, destacando nuestra dedicaci\u00f3n a la calidad excepcional y fiabilidad a escala internacional. Pruebas rigurosas Axis Todos los Sistemas de Gesti\u00f3n de Cables de Axis son rigurosamente probados, lo que indica el cumplimiento de los est\u00e1ndares de seguridad y rendimiento m\u00e1s estrictos, como UL. Nuestros exhaustivos procedimientos de pruebas internas y el continuo avance del producto en nuestro laboratorio acreditado por NABL aseguran que solo suministramos los mejores materiales de gesti\u00f3n de cables a nuestros valiosos clientes. clients. Consultor\u00eda experta y soluciones personalizadas Reconociendo que cada proyecto tiene requisitos distintos, Axis Engineers ofrece consultor\u00eda de dise\u00f1o y soporte t\u00e9cnico para sistemas de gesti\u00f3n de cables. Nuestro equipo competente colabora estrechamente con los clientes para dise\u00f1ar soluciones a medida que satisfacen sus necesidades espec\u00edficas. Ya sea que necesite orientaci\u00f3n en el dise\u00f1o del sistema o personalizaci\u00f3n de materiales de gesti\u00f3n de cables, Axis Electricals es su socio de referencia.\u00a0 Elige Axis Cable Solutions por su calidad y servicio sin igual\u00a0 Al seleccionar los Sistemas de Gesti\u00f3n de Cables de Axis, est\u00e1 optando por una empresa con una historia establecida de proporcionar soluciones de gesti\u00f3n de cables de primera categor\u00eda. Nuestra vasta experiencia, presencia global, rigurosos procesos de pruebas y dedicaci\u00f3n a ofrecer consultor\u00eda experta y servicios personalizados nos distinguen de nuestros competidores competitors.<\/p>\n","protected":false},"author":2,"featured_media":0,"parent":0,"menu_order":0,"comment_status":"closed","ping_status":"closed","template":"elementor_header_footer","meta":{"inline_featured_image":false,"footnotes":""},"class_list":["post-112119","page","type-page","status-publish","hentry"],"acf":[],"_links":{"self":[{"href":"https:\/\/axis-india.com\/es\/wp-json\/wp\/v2\/pages\/112119","targetHints":{"allow":["GET"]}}],"collection":[{"href":"https:\/\/axis-india.com\/es\/wp-json\/wp\/v2\/pages"}],"about":[{"href":"https:\/\/axis-india.com\/es\/wp-json\/wp\/v2\/types\/page"}],"author":[{"embeddable":true,"href":"https:\/\/axis-india.com\/es\/wp-json\/wp\/v2\/users\/2"}],"replies":[{"embeddable":true,"href":"https:\/\/axis-india.com\/es\/wp-json\/wp\/v2\/comments?post=112119"}],"version-history":[{"count":0,"href":"https:\/\/axis-india.com\/es\/wp-json\/wp\/v2\/pages\/112119\/revisions"}],"wp:attachment":[{"href":"https:\/\/axis-india.com\/es\/wp-json\/wp\/v2\/media?parent=112119"}],"curies":[{"name":"wp","href":"https:\/\/api.w.org\/{rel}","templated":true}]}}