{"id":109346,"date":"2023-01-19T15:53:06","date_gmt":"2023-01-19T10:23:06","guid":{"rendered":"https:\/\/axis-india.com\/es\/?page_id=109346"},"modified":"2023-07-26T10:41:01","modified_gmt":"2023-07-26T05:11:01","slug":"parrarayos-pdc","status":"publish","type":"page","link":"https:\/\/axis-india.com\/es\/parrarayos-pdc\/","title":{"rendered":"Parrarayos PDC"},"content":{"rendered":"\t\t<div data-elementor-type=\"wp-page\" data-elementor-id=\"109346\" class=\"elementor elementor-109346\">\n\t\t\t\t\t\t<section class=\"elementor-section elementor-top-section elementor-element elementor-element-7651c96 elementor-section-height-min-height elementor-section-boxed elementor-section-height-default elementor-section-items-middle wpr-particle-no wpr-jarallax-no wpr-parallax-no wpr-sticky-section-no\" data-id=\"7651c96\" data-element_type=\"section\" data-settings=\"{&quot;background_background&quot;:&quot;classic&quot;}\">\n\t\t\t\t\t\t<div class=\"elementor-container elementor-column-gap-default\">\n\t\t\t\t\t<div class=\"elementor-column elementor-col-100 elementor-top-column elementor-element elementor-element-1d316f1\" data-id=\"1d316f1\" data-element_type=\"column\">\n\t\t\t<div class=\"elementor-widget-wrap elementor-element-populated\">\n\t\t\t\t\t\t<div class=\"elementor-element elementor-element-da2db76 elementor-widget elementor-widget-heading\" data-id=\"da2db76\" data-element_type=\"widget\" data-widget_type=\"heading.default\">\n\t\t\t\t<div class=\"elementor-widget-container\">\n\t\t\t\t\t<h1 class=\"elementor-heading-title elementor-size-default\">Parrarayos PDC<\/h1>\t\t\t\t<\/div>\n\t\t\t\t<\/div>\n\t\t\t\t\t<\/div>\n\t\t<\/div>\n\t\t\t\t\t<\/div>\n\t\t<\/section>\n\t\t\t\t<section class=\"elementor-section elementor-top-section elementor-element elementor-element-ef76ad0 breducrumbs-ese-section elementor-section-boxed elementor-section-height-default elementor-section-height-default wpr-particle-no wpr-jarallax-no wpr-parallax-no wpr-sticky-section-no\" data-id=\"ef76ad0\" data-element_type=\"section\" data-settings=\"{&quot;background_background&quot;:&quot;classic&quot;}\">\n\t\t\t\t\t\t<div class=\"elementor-container elementor-column-gap-default\">\n\t\t\t\t\t<div class=\"elementor-column elementor-col-100 elementor-top-column elementor-element elementor-element-897b2f3\" data-id=\"897b2f3\" data-element_type=\"column\">\n\t\t\t<div class=\"elementor-widget-wrap\">\n\t\t\t\t\t\t\t<\/div>\n\t\t<\/div>\n\t\t\t\t\t<\/div>\n\t\t<\/section>\n\t\t\t\t<section class=\"elementor-section elementor-top-section elementor-element elementor-element-af0aac8 elementor-hidden-desktop elementor-section-boxed elementor-section-height-default elementor-section-height-default wpr-particle-no wpr-jarallax-no wpr-parallax-no wpr-sticky-section-no\" data-id=\"af0aac8\" data-element_type=\"section\">\n\t\t\t\t\t\t<div class=\"elementor-container elementor-column-gap-default\">\n\t\t\t\t\t<div class=\"elementor-column elementor-col-100 elementor-top-column elementor-element elementor-element-159334a\" data-id=\"159334a\" data-element_type=\"column\">\n\t\t\t<div class=\"elementor-widget-wrap elementor-element-populated\">\n\t\t\t\t\t\t<div class=\"elementor-element elementor-element-67c656c elementor-widget elementor-widget-image\" data-id=\"67c656c\" data-element_type=\"widget\" data-widget_type=\"image.default\">\n\t\t\t\t<div class=\"elementor-widget-container\">\n\t\t\t\t\t\t\t\t\t\t\t\t\t\t\t<img fetchpriority=\"high\" decoding=\"async\" width=\"395\" height=\"501\" src=\"https:\/\/axis-india.com\/es\/wp-content\/uploads\/2023\/01\/imgpsh_fullsize_anim-1.png\" class=\"attachment-full size-full wp-image-109631\" alt=\"\" srcset=\"https:\/\/axis-india.com\/es\/wp-content\/uploads\/2023\/01\/imgpsh_fullsize_anim-1.png 395w, https:\/\/axis-india.com\/es\/wp-content\/uploads\/2023\/01\/imgpsh_fullsize_anim-1-237x300.png 237w\" sizes=\"(max-width: 395px) 100vw, 395px\" \/>\t\t\t\t\t\t\t\t\t\t\t\t\t\t\t<\/div>\n\t\t\t\t<\/div>\n\t\t\t\t\t<\/div>\n\t\t<\/div>\n\t\t\t\t\t<\/div>\n\t\t<\/section>\n\t\t\t\t<section class=\"elementor-section elementor-top-section elementor-element elementor-element-66faf70 elementor-section-boxed elementor-section-height-default elementor-section-height-default wpr-particle-no wpr-jarallax-no wpr-parallax-no wpr-sticky-section-no\" data-id=\"66faf70\" data-element_type=\"section\">\n\t\t\t\t\t\t<div class=\"elementor-container elementor-column-gap-default\">\n\t\t\t\t\t<div class=\"elementor-column elementor-col-100 elementor-top-column elementor-element elementor-element-ee79c36\" data-id=\"ee79c36\" data-element_type=\"column\">\n\t\t\t<div class=\"elementor-widget-wrap elementor-element-populated\">\n\t\t\t\t\t\t<div class=\"elementor-element elementor-element-d07fd33 elementor-widget elementor-widget-text-editor\" data-id=\"d07fd33\" data-element_type=\"widget\" data-widget_type=\"text-editor.default\">\n\t\t\t\t<div class=\"elementor-widget-container\">\n\t\t\t\t\t\t\t\t\t<p>La gama ASLA de Parrarayos PDC ofrece un sistema seguro y fiable para proteger su edificio o proyecto solar de la ca\u00edda directa de rayos. Parrarayos PDC proporciona un radio de protecci\u00f3n mejorado, reduciendo la cantidad de pararrayos y conductores de bajada necesarios para su estructura, al tiempo que brinda una protecci\u00f3n completa.<\/p>\t\t\t\t\t\t\t\t<\/div>\n\t\t\t\t<\/div>\n\t\t\t\t<div class=\"elementor-element elementor-element-f267227 elementor-widget elementor-widget-image\" data-id=\"f267227\" data-element_type=\"widget\" data-widget_type=\"image.default\">\n\t\t\t\t<div class=\"elementor-widget-container\">\n\t\t\t\t\t\t\t\t\t\t\t\t\t\t\t<img decoding=\"async\" src=\"https:\/\/axis-india.com\/es\/wp-content\/uploads\/elementor\/thumbs\/Rectangle-34-rct3dj81yzv3c76gidhudhi58761v1fqfx518k6884.png\" title=\"Rectangle 34\" alt=\"Rectangle 34\" loading=\"lazy\" \/>\t\t\t\t\t\t\t\t\t\t\t\t\t\t\t<\/div>\n\t\t\t\t<\/div>\n\t\t\t\t\t<\/div>\n\t\t<\/div>\n\t\t\t\t\t<\/div>\n\t\t<\/section>\n\t\t\t\t<section class=\"elementor-section elementor-top-section elementor-element elementor-element-97c9186 our-guid-light elementor-section-boxed elementor-section-height-default elementor-section-height-default wpr-particle-no wpr-jarallax-no wpr-parallax-no wpr-sticky-section-no\" data-id=\"97c9186\" data-element_type=\"section\" data-settings=\"{&quot;background_background&quot;:&quot;classic&quot;}\">\n\t\t\t\t\t\t<div class=\"elementor-container elementor-column-gap-default\">\n\t\t\t\t\t<div class=\"elementor-column elementor-col-100 elementor-top-column elementor-element elementor-element-75a6877\" data-id=\"75a6877\" data-element_type=\"column\">\n\t\t\t<div class=\"elementor-widget-wrap elementor-element-populated\">\n\t\t\t\t\t\t<div class=\"elementor-element elementor-element-a0103db vision-title elementor-widget elementor-widget-heading\" data-id=\"a0103db\" data-element_type=\"widget\" data-widget_type=\"heading.default\">\n\t\t\t\t<div class=\"elementor-widget-container\">\n\t\t\t\t\t<h4 class=\"elementor-heading-title elementor-size-default\">\u00bfPor qu\u00e9 Axis Pararrayos PDC?<\/h4>\t\t\t\t<\/div>\n\t\t\t\t<\/div>\n\t\t\t\t<section class=\"elementor-section elementor-inner-section elementor-element elementor-element-581439e axis-ese-table-box elementor-section-boxed elementor-section-height-default elementor-section-height-default wpr-particle-no wpr-jarallax-no wpr-parallax-no wpr-sticky-section-no\" data-id=\"581439e\" data-element_type=\"section\">\n\t\t\t\t\t\t<div class=\"elementor-container elementor-column-gap-default\">\n\t\t\t\t\t<div class=\"elementor-column elementor-col-100 elementor-inner-column elementor-element elementor-element-9aefb8c\" data-id=\"9aefb8c\" data-element_type=\"column\">\n\t\t\t<div class=\"elementor-widget-wrap elementor-element-populated\">\n\t\t\t\t\t\t<div class=\"elementor-element elementor-element-64d50dd elementor-widget elementor-widget-text-editor\" data-id=\"64d50dd\" data-element_type=\"widget\" data-widget_type=\"text-editor.default\">\n\t\t\t\t<div class=\"elementor-widget-container\">\n\t\t\t\t\t\t\t\t\t<p>El objetivo del Pararrayos de Axis es convertirse en el punto de descarga para el rayo, en lugar de que el rayo golpee un objeto aleatorio, como un panel solar o el lado del edificio. Al convertirse en el punto de descarga, la electricidad puede ser conducida de manera segura al suelo utilizando todo el sistema de protecci\u00f3n contra rayos, protegiendo la estructura o el parque solar.<\/p><p>Seg\u00fan la norma NFC 17-102, el \u0394T para un Pararrayos ESE deber\u00eda ser al menos de 10\u03bcs &#8211; esto significa que el tiempo de emisi\u00f3n del ESE de ASLA es al menos 10\u03bcs m\u00e1s r\u00e1pido que los de una Barra Franklin. Nuestra gama de productos ESE de ASLA var\u00eda desde un \u0394T de 10\u03bcs hasta 60\u03bcs, dependiendo de los requerimientos del proyecto.<\/p>\t\t\t\t\t\t\t\t<\/div>\n\t\t\t\t<\/div>\n\t\t\t\t<div class=\"elementor-element elementor-element-980b25f custom-table-section elementor-widget elementor-widget-html\" data-id=\"980b25f\" data-element_type=\"widget\" data-widget_type=\"html.default\">\n\t\t\t\t<div class=\"elementor-widget-container\">\n\t\t\t\t\t<table style=\"width: 100%;\">\n<tbody>\n<tr>\n<th>Model<\/th>\n<th>Radius of Protection\n(m)<\/th>\n<th>Height (mm)<\/th>\n<th>Width\n(mm)<\/th>\n<th>Diameter of Rod\nMaximum (mm)<\/th>\n<\/tr>\n<tr>\n<td>ASLA 15<\/td>\n<td>58<\/td>\n<td>321<\/td>\n<td>105<\/td>\n<td>20<\/td>\n<\/tr>\n<tr>\n<td>ASLA 30<\/td>\n<td>71<\/td>\n<td>341<\/td>\n<td>132<\/td>\n<td>20<\/td>\n<\/tr>\n<tr>\n<td>ASLA 60<\/td>\n<td>89<\/td>\n<td>400<\/td>\n<td>205<\/td>\n<td>25<\/td>\n<\/tr>\n<tr>\n<td>ASLA 60A<\/td>\n<td>107<\/td>\n<td>400<\/td>\n<td>205<\/td>\n<td>25<\/td>\n<\/tr>\n<\/tbody>\n<\/table>\t\t\t\t<\/div>\n\t\t\t\t<\/div>\n\t\t\t\t\t<\/div>\n\t\t<\/div>\n\t\t\t\t\t<\/div>\n\t\t<\/section>\n\t\t\t\t\t<\/div>\n\t\t<\/div>\n\t\t\t\t\t<\/div>\n\t\t<\/section>\n\t\t\t\t<section class=\"elementor-section elementor-top-section elementor-element elementor-element-e2b0f77 get-price-section elementor-section-boxed elementor-section-height-default elementor-section-height-default wpr-particle-no wpr-jarallax-no wpr-parallax-no wpr-sticky-section-no\" data-id=\"e2b0f77\" data-element_type=\"section\">\n\t\t\t\t\t\t<div class=\"elementor-container elementor-column-gap-default\">\n\t\t\t\t\t<div class=\"elementor-column elementor-col-100 elementor-top-column elementor-element elementor-element-373501d\" data-id=\"373501d\" data-element_type=\"column\">\n\t\t\t<div class=\"elementor-widget-wrap elementor-element-populated\">\n\t\t\t\t\t\t<div class=\"elementor-element elementor-element-b827ae0 vision-title elementor-widget elementor-widget-heading\" data-id=\"b827ae0\" data-element_type=\"widget\" data-widget_type=\"heading.default\">\n\t\t\t\t<div class=\"elementor-widget-container\">\n\t\t\t\t\t<h3 class=\"elementor-heading-title elementor-size-default\">\u00a1Obtenga Precios Ahora!<\/h3>\t\t\t\t<\/div>\n\t\t\t\t<\/div>\n\t\t\t\t\t<\/div>\n\t\t<\/div>\n\t\t\t\t\t<\/div>\n\t\t<\/section>\n\t\t\t\t<section class=\"elementor-section elementor-top-section elementor-element elementor-element-a3fc724 utility-approvals-section related-product-area elementor-section-boxed elementor-section-height-default elementor-section-height-default wpr-particle-no wpr-jarallax-no wpr-parallax-no wpr-sticky-section-no\" data-id=\"a3fc724\" data-element_type=\"section\">\n\t\t\t\t\t\t<div class=\"elementor-container elementor-column-gap-default\">\n\t\t\t\t\t<div class=\"elementor-column elementor-col-100 elementor-top-column elementor-element elementor-element-1a46f39\" data-id=\"1a46f39\" data-element_type=\"column\">\n\t\t\t<div class=\"elementor-widget-wrap elementor-element-populated\">\n\t\t\t\t\t\t<div class=\"elementor-element elementor-element-6c9205a elementor-widget elementor-widget-heading\" data-id=\"6c9205a\" data-element_type=\"widget\" data-widget_type=\"heading.default\">\n\t\t\t\t<div class=\"elementor-widget-container\">\n\t\t\t\t\t<h3 class=\"elementor-heading-title elementor-size-default\">Productos Relacionados<\/h3>\t\t\t\t<\/div>\n\t\t\t\t<\/div>\n\t\t\t\t<section class=\"elementor-section elementor-inner-section elementor-element elementor-element-0b9364f elementor-section-boxed elementor-section-height-default elementor-section-height-default wpr-particle-no wpr-jarallax-no wpr-parallax-no wpr-sticky-section-no\" data-id=\"0b9364f\" data-element_type=\"section\">\n\t\t\t\t\t\t<div class=\"elementor-container elementor-column-gap-default\">\n\t\t\t\t\t<div class=\"elementor-column elementor-col-33 elementor-inner-column elementor-element elementor-element-9a843bf\" data-id=\"9a843bf\" data-element_type=\"column\">\n\t\t\t<div class=\"elementor-widget-wrap elementor-element-populated\">\n\t\t\t\t\t\t<div class=\"elementor-element elementor-element-23997b6 elementor-widget elementor-widget-image\" data-id=\"23997b6\" data-element_type=\"widget\" data-widget_type=\"image.default\">\n\t\t\t\t<div class=\"elementor-widget-container\">\n\t\t\t\t\t\t\t\t\t\t\t\t\t\t\t\t<a href=\"https:\/\/axis-india.com\/product-category\/lightning-protection\/air-terminals\/\">\n\t\t\t\t\t\t\t<img decoding=\"async\" width=\"269\" height=\"201\" src=\"https:\/\/axis-india.com\/es\/wp-content\/uploads\/2023\/01\/image-20-1.png\" class=\"attachment-medium size-medium wp-image-109448\" alt=\"\" \/>\t\t\t\t\t\t\t\t<\/a>\n\t\t\t\t\t\t\t\t\t\t\t\t\t\t\t<\/div>\n\t\t\t\t<\/div>\n\t\t\t\t<div class=\"elementor-element elementor-element-fcadf08 border-remove elementor-widget elementor-widget-text-editor\" data-id=\"fcadf08\" data-element_type=\"widget\" data-widget_type=\"text-editor.default\">\n\t\t\t\t<div class=\"elementor-widget-container\">\n\t\t\t\t\t\t\t\t\t<p><span style=\"color: #363366;\"><a style=\"color: #363366;\" href=\"https:\/\/axis-india.com\/product-category\/lightning-protection\/air-terminals\/\">Base de Terminal A\u00e9rea<\/a><\/span><\/p>\t\t\t\t\t\t\t\t<\/div>\n\t\t\t\t<\/div>\n\t\t\t\t\t<\/div>\n\t\t<\/div>\n\t\t\t\t<div class=\"elementor-column elementor-col-33 elementor-inner-column elementor-element elementor-element-bbcdc8c\" data-id=\"bbcdc8c\" data-element_type=\"column\">\n\t\t\t<div class=\"elementor-widget-wrap elementor-element-populated\">\n\t\t\t\t\t\t<div class=\"elementor-element elementor-element-a08ed5c elementor-widget elementor-widget-image\" data-id=\"a08ed5c\" data-element_type=\"widget\" data-widget_type=\"image.default\">\n\t\t\t\t<div class=\"elementor-widget-container\">\n\t\t\t\t\t\t\t\t\t\t\t\t\t\t\t\t<a href=\"https:\/\/axis-india.com\/product-category\/lightning-protection\/down-conductors\/\">\n\t\t\t\t\t\t\t<img decoding=\"async\" width=\"242\" height=\"196\" src=\"https:\/\/axis-india.com\/es\/wp-content\/uploads\/2023\/01\/image-21-1.png\" class=\"attachment-medium size-medium wp-image-109449\" alt=\"\" \/>\t\t\t\t\t\t\t\t<\/a>\n\t\t\t\t\t\t\t\t\t\t\t\t\t\t\t<\/div>\n\t\t\t\t<\/div>\n\t\t\t\t<div class=\"elementor-element elementor-element-b8494b4 border-remove elementor-widget elementor-widget-text-editor\" data-id=\"b8494b4\" data-element_type=\"widget\" data-widget_type=\"text-editor.default\">\n\t\t\t\t<div class=\"elementor-widget-container\">\n\t\t\t\t\t\t\t\t\t<p><span style=\"color: #363366;\"><a style=\"color: #363366;\" href=\"https:\/\/axis-india.com\/product-category\/lightning-protection\/down-conductors\/\">Conductor de Descenso<\/a><\/span><\/p>\t\t\t\t\t\t\t\t<\/div>\n\t\t\t\t<\/div>\n\t\t\t\t\t<\/div>\n\t\t<\/div>\n\t\t\t\t<div class=\"elementor-column elementor-col-33 elementor-inner-column elementor-element elementor-element-a1fc9f7\" data-id=\"a1fc9f7\" data-element_type=\"column\">\n\t\t\t<div class=\"elementor-widget-wrap elementor-element-populated\">\n\t\t\t\t\t\t<div class=\"elementor-element elementor-element-6c2d2ce elementor-widget elementor-widget-image\" data-id=\"6c2d2ce\" data-element_type=\"widget\" data-widget_type=\"image.default\">\n\t\t\t\t<div class=\"elementor-widget-container\">\n\t\t\t\t\t\t\t\t\t\t\t\t\t\t\t\t<a href=\"https:\/\/axis-india.com\/product-category\/lightning-protection\/structural-earthing\/\">\n\t\t\t\t\t\t\t<img loading=\"lazy\" decoding=\"async\" width=\"244\" height=\"175\" src=\"https:\/\/axis-india.com\/es\/wp-content\/uploads\/2023\/01\/image-22-1.png\" class=\"attachment-medium size-medium wp-image-109450\" alt=\"\" \/>\t\t\t\t\t\t\t\t<\/a>\n\t\t\t\t\t\t\t\t\t\t\t\t\t\t\t<\/div>\n\t\t\t\t<\/div>\n\t\t\t\t<div class=\"elementor-element elementor-element-2f2253c border-remove elementor-widget elementor-widget-text-editor\" data-id=\"2f2253c\" data-element_type=\"widget\" data-widget_type=\"text-editor.default\">\n\t\t\t\t<div class=\"elementor-widget-container\">\n\t\t\t\t\t\t\t\t\t<p><span style=\"color: #363366;\"><a style=\"color: #363366;\" href=\"https:\/\/axis-india.com\/product-category\/lightning-protection\/structural-earthing\/\">Puesta a Tierra Estructural<\/a><\/span><\/p>\t\t\t\t\t\t\t\t<\/div>\n\t\t\t\t<\/div>\n\t\t\t\t\t<\/div>\n\t\t<\/div>\n\t\t\t\t\t<\/div>\n\t\t<\/section>\n\t\t\t\t\t<\/div>\n\t\t<\/div>\n\t\t\t\t\t<\/div>\n\t\t<\/section>\n\t\t\t\t<section class=\"elementor-section elementor-top-section elementor-element elementor-element-99fa2eb contact-tab-section tab-detail-area elementor-section-boxed elementor-section-height-default elementor-section-height-default wpr-particle-no wpr-jarallax-no wpr-parallax-no wpr-sticky-section-no\" data-id=\"99fa2eb\" data-element_type=\"section\">\n\t\t\t\t\t\t<div class=\"elementor-container elementor-column-gap-default\">\n\t\t\t\t\t<div class=\"elementor-column elementor-col-100 elementor-top-column elementor-element elementor-element-ea92868\" data-id=\"ea92868\" data-element_type=\"column\">\n\t\t\t<div class=\"elementor-widget-wrap\">\n\t\t\t\t\t\t\t<\/div>\n\t\t<\/div>\n\t\t\t\t\t<\/div>\n\t\t<\/section>\n\t\t\t\t<\/div>\n\t\t","protected":false},"excerpt":{"rendered":"<p>Parrarayos PDC Home La gama ASLA de Parrarayos PDC ofrece un sistema seguro y fiable para proteger su edificio o proyecto solar de la ca\u00edda directa de rayos. Parrarayos PDC proporciona un radio de protecci\u00f3n mejorado, reduciendo la cantidad de pararrayos y conductores de bajada necesarios para su estructura, al tiempo que brinda una protecci\u00f3n completa. \u00bfPor qu\u00e9 Axis Pararrayos PDC? El objetivo del Pararrayos de Axis es convertirse en el punto de descarga para el rayo, en lugar de que el rayo golpee un objeto aleatorio, como un panel solar o el lado del edificio. Al convertirse en el punto de descarga, la electricidad puede ser conducida de manera segura al suelo utilizando todo el sistema de protecci\u00f3n contra rayos, protegiendo la estructura o el parque solar. Seg\u00fan la norma NFC 17-102, el \u0394T para un Pararrayos ESE deber\u00eda ser al menos de 10\u03bcs &#8211; esto significa que el tiempo de emisi\u00f3n del ESE de ASLA es al menos 10\u03bcs m\u00e1s r\u00e1pido que los de una Barra Franklin. Nuestra gama de productos ESE de ASLA var\u00eda desde un \u0394T de 10\u03bcs hasta 60\u03bcs, dependiendo de los requerimientos del proyecto. Model Radius of Protection (m) Height (mm) Width (mm) Diameter of Rod Maximum (mm) ASLA 15 58 321 105 20 ASLA 30 71 341 132 20 ASLA 60 89 400 205 25 ASLA 60A 107 400 205 25 \u00a1Obtenga Precios Ahora! Name* Company Name* Email* Phone Number Location* Message Productos Relacionados Base de Terminal A\u00e9rea Conductor de Descenso Puesta a Tierra Estructural Descripci\u00f3n Detalles T\u00e9cnicos Descripci\u00f3n Equipo El Pararrayos Inteligente de Axis (ASLA, por sus siglas en ingl\u00e9s) est\u00e1 compuesto por un punto de impacto principal, un dispositivo de emisi\u00f3n, un elemento de fijaci\u00f3n y una conexi\u00f3n al conductor de descenso. NFC 17 102\u200b El \u00e1rea protegida por el ASLA se determina utilizando el m\u00e9todo de prueba de emisi\u00f3n de chispas tempranas seg\u00fan la Norma NFC 17 102 y se prefiere tener el ASLA instalado en la parte m\u00e1s alta de la estructura. El \u00e1rea protegida est\u00e1 delimitada por una superficie de revoluci\u00f3n definida por los radios de protecci\u00f3n correspondientes a las diferentes alturas consideradas h y cuyo eje es el mismo que el de la terminal a\u00e9rea seg\u00fan la figura a continuaci\u00f3n, (fuente: norma NFC). Funcionamiento del Arrestador El sistema ASLA se basa en la diferencia de tiempo (\u0394T) entre el tiempo de emisi\u00f3n de un pararrayos convencional y un pararrayos de emisi\u00f3n de chispas tempranas, como se demostr\u00f3 en los laboratorios de pruebas de alta tensi\u00f3n. Esta emisi\u00f3n del ESE se genera almacenando energ\u00eda del campo electromagn\u00e9tico ambiental o cargas est\u00e1ticas en el momento de los eventos de rayos. En condiciones normales, la terminal a\u00e9rea permanece en modo de espera. Sin embargo, hay un pico en el campo el\u00e9ctrico ambiental cuando una tormenta se acerca al sitio. Este pico provoca la liberaci\u00f3n oportuna de la energ\u00eda almacenada, generando un l\u00edder ascendente desde la punta del pararrayos ESE. Este l\u00edder ascendente se mueve hacia el l\u00edder descendente de las nubes de tormenta, creando un camino para la descarga. El rayo luego pasa de manera segura a trav\u00e9s del cuerpo conductor del Pararrayos ESE a los conductores de descenso y finalmente de manera segura al suelo, protegiendo el edificio o el proyecto solar. Este principio de funcionamiento permite un radio de producci\u00f3n mejorado proporcionado por el Pararrayos de Emisi\u00f3n de Chispas Tempranas en comparaci\u00f3n con una vara de pararrayos convencional. Detalles T\u00e9cnicos Especificaci\u00f3n T\u00e9cnica El Pararrayos Inteligente de Axis (ASLA, por sus siglas en ingl\u00e9s) est\u00e1 compuesto por un punto principal de impacto, dispositivo de emisi\u00f3n, elemento de fijaci\u00f3n y una conexi\u00f3n al conductor de descenso. El \u00e1rea protegida por el ASLA se determina utilizando el m\u00e9todo de prueba de emisi\u00f3n de chispas tempranas seg\u00fan la Norma NFC 17 102 y es preferible tener el ASLA instalado en la parte m\u00e1s alta de la estructura. El \u00e1rea protegida est\u00e1 delimitada por una superficie de revoluci\u00f3n definida por los radios de protecci\u00f3n correspondientes a las diferentes alturas consideradas h y cuyo eje es el mismo que el de la terminal a\u00e9rea seg\u00fan la figura a continuaci\u00f3n, (fuente: norma NFC) Radio de Protecci\u00f3n del Pararrayos Inteligente de Axis: El radio de protecci\u00f3n de un ASLA est\u00e1 relacionado con su altura (h) relativa a la superficie a proteger, su eficiencia y el nivel de protecci\u00f3n seleccionado. para \u2265 5m para 2m \u2264 h \u2264 5m donde, Rp = Protection radius of ASLA at a given height h (m) h = Height of ASLA tip over the area of reference plane considered r = 20m for ASLA-15 for protection Level-I 30m for ASLA-30 for protection Level-II 345m for ASLA-45 for protection Level-III 60m for ASLA-60 for protection Level-IV \u0394 = Initiation advance equivalent to efficiency of ASLA as per below(m) ASLA-15: \u0394=15 ASLA-30: \u0394=30 ASLA-45: \u0394=45 ASLA-60: \u0394=60<\/p>\n","protected":false},"author":2,"featured_media":0,"parent":0,"menu_order":0,"comment_status":"closed","ping_status":"closed","template":"elementor_header_footer","meta":{"inline_featured_image":false,"footnotes":""},"class_list":["post-109346","page","type-page","status-publish","hentry"],"acf":[],"_links":{"self":[{"href":"https:\/\/axis-india.com\/es\/wp-json\/wp\/v2\/pages\/109346","targetHints":{"allow":["GET"]}}],"collection":[{"href":"https:\/\/axis-india.com\/es\/wp-json\/wp\/v2\/pages"}],"about":[{"href":"https:\/\/axis-india.com\/es\/wp-json\/wp\/v2\/types\/page"}],"author":[{"embeddable":true,"href":"https:\/\/axis-india.com\/es\/wp-json\/wp\/v2\/users\/2"}],"replies":[{"embeddable":true,"href":"https:\/\/axis-india.com\/es\/wp-json\/wp\/v2\/comments?post=109346"}],"version-history":[{"count":0,"href":"https:\/\/axis-india.com\/es\/wp-json\/wp\/v2\/pages\/109346\/revisions"}],"wp:attachment":[{"href":"https:\/\/axis-india.com\/es\/wp-json\/wp\/v2\/media?parent=109346"}],"curies":[{"name":"wp","href":"https:\/\/api.w.org\/{rel}","templated":true}]}}